{"id":18768,"date":"2024-03-26T13:31:31","date_gmt":"2024-03-26T12:31:31","guid":{"rendered":"https:\/\/dev.penalex.ch\/me-aurelien-ghose\/"},"modified":"2024-03-28T08:37:26","modified_gmt":"2024-03-28T07:37:26","slug":"me-aurelien-ghose","status":"publish","type":"page","link":"https:\/\/dev.penalex.ch\/en\/me-aurelien-ghose\/","title":{"rendered":"Me Aur\u00e9lien GHOSE"},"content":{"rendered":"\n  <div id=\"page-header-2085670220\" class=\"page-header-wrapper\">\n  <div class=\"page-title dark featured-title\">\n\n    \n    <div class=\"page-title-inner container align-center flex-row medium-flex-wrap\" >\n              <div class=\"title-wrapper flex-col text-left medium-text-center\">\n          <h1 class=\"entry-title mb-0\">\n            Me Aur\u00e9lien GHOSE          <\/h1>\n        <\/div>\n                    <div class=\"title-content flex-col flex-right text-right medium-text-center\">\n        <div class=\"title-share pt-half pb-half\"><div class=\"social-icons share-icons share-row relative icon-style-outline\" ><a href=\"whatsapp:\/\/send?text=Me%20Aur%C3%A9lien%20GHOSE - https:\/\/dev.penalex.ch\/en\/me-aurelien-ghose\/\" data-action=\"share\/whatsapp\/share\" class=\"icon button circle is-outline tooltip whatsapp show-for-medium\" title=\"Share on WhatsApp\" aria-label=\"Share on WhatsApp\"><i class=\"icon-whatsapp\" aria-hidden=\"true\"><\/i><\/a><a href=\"https:\/\/www.facebook.com\/sharer.php?u=https:\/\/dev.penalex.ch\/en\/me-aurelien-ghose\/\" data-label=\"Facebook\" onclick=\"window.open(this.href,this.title,'width=500,height=500,top=300px,left=300px'); return false;\" target=\"_blank\" class=\"icon button circle is-outline tooltip facebook\" title=\"Share on Facebook\" aria-label=\"Share on Facebook\" rel=\"noopener nofollow\"><i class=\"icon-facebook\" aria-hidden=\"true\"><\/i><\/a><a href=\"https:\/\/twitter.com\/share?url=https:\/\/dev.penalex.ch\/en\/me-aurelien-ghose\/\" onclick=\"window.open(this.href,this.title,'width=500,height=500,top=300px,left=300px'); return false;\" target=\"_blank\" class=\"icon button circle is-outline tooltip twitter\" title=\"Share on Twitter\" aria-label=\"Share on Twitter\" rel=\"noopener nofollow\"><i class=\"icon-twitter\" aria-hidden=\"true\"><\/i><\/a><a href=\"mailto:?subject=Me%20Aur%C3%A9lien%20GHOSE&body=Check%20this%20out%3A%20https%3A%2F%2Fdev.penalex.ch%2Fen%2Fme-aurelien-ghose%2F\" class=\"icon button circle is-outline tooltip email\" title=\"Email to a Friend\" aria-label=\"Email to a Friend\" rel=\"nofollow\"><i class=\"icon-envelop\" aria-hidden=\"true\"><\/i><\/a><a href=\"https:\/\/www.linkedin.com\/shareArticle?mini=true&url=https:\/\/dev.penalex.ch\/en\/me-aurelien-ghose\/&title=Me%20Aur%C3%A9lien%20GHOSE\" onclick=\"window.open(this.href,this.title,'width=500,height=500,top=300px,left=300px'); return false;\" target=\"_blank\" class=\"icon button circle is-outline tooltip linkedin\" title=\"Share on LinkedIn\" aria-label=\"Share on LinkedIn\" rel=\"noopener nofollow\"><i class=\"icon-linkedin\" aria-hidden=\"true\"><\/i><\/a><a href=\"https:\/\/telegram.me\/share\/url?url=https:\/\/dev.penalex.ch\/en\/me-aurelien-ghose\/\" onclick=\"window.open(this.href,this.title,'width=500,height=500,top=300px,left=300px'); return false;\" target=\"_blank\" class=\"icon button circle is-outline tooltip telegram\" title=\"Share on Telegram\" aria-label=\"Share on Telegram\" rel=\"noopener nofollow\"><i class=\"icon-telegram\" aria-hidden=\"true\"><\/i><\/a><\/div><\/div>      <\/div>\n    <\/div>\n\n       <\/div>\n    <\/div>\n  \n\n\n\t<section class=\"section\" id=\"section_1124386503\">\n\t\t<div class=\"section-bg fill\" >\n\t\t\t\t\t\t\t\t\t\n\t\t\t\n\n\t\t<\/div>\n\n\t\t\n\n\t\t<div class=\"section-content relative\">\n\t\t\t\n\n<div class=\"row\"  id=\"row-1431550346\">\n\n\n\t<div id=\"col-683785861\" class=\"col medium-4 small-12 large-4\"  >\n\t\t\t\t<div class=\"col-inner\" style=\"background-color:rgb(248, 248, 248);\" >\n\t\t\t\n\t\t\t\n\n\t<div class=\"box has-hover   has-hover box-text-bottom\" >\n\n\t\t<div class=\"box-image\" >\n\t\t\t\t\t\t<div class=\"\" >\n\t\t\t\t<img loading=\"lazy\" decoding=\"async\" width=\"960\" height=\"960\" src=\"https:\/\/dev.penalex.ch\/wp-content\/uploads\/2024\/03\/aurelien_ghose.jpeg\" class=\"attachment- size-\" alt=\"\" srcset=\"https:\/\/dev.penalex.ch\/wp-content\/uploads\/2024\/03\/aurelien_ghose.jpeg 960w, https:\/\/dev.penalex.ch\/wp-content\/uploads\/2024\/03\/aurelien_ghose-400x400.jpeg 400w, https:\/\/dev.penalex.ch\/wp-content\/uploads\/2024\/03\/aurelien_ghose-800x800.jpeg 800w, https:\/\/dev.penalex.ch\/wp-content\/uploads\/2024\/03\/aurelien_ghose-280x280.jpeg 280w, https:\/\/dev.penalex.ch\/wp-content\/uploads\/2024\/03\/aurelien_ghose-768x768.jpeg 768w, https:\/\/dev.penalex.ch\/wp-content\/uploads\/2024\/03\/aurelien_ghose-510x510.jpeg 510w, https:\/\/dev.penalex.ch\/wp-content\/uploads\/2024\/03\/aurelien_ghose-100x100.jpeg 100w\" sizes=\"auto, (max-width: 960px) 100vw, 960px\" \/>\t\t\t\t\t\t\t\t\t\t\t<\/div>\n\t\t\t\t\t<\/div>\n\n\t\t<div class=\"box-text text-center\" >\n\t\t\t<div class=\"box-text-inner\">\n\t\t\t\t\n\n<h4><strong>Me Aur\u00e9lien Ghose<\/strong><br \/>Avocat-stagiaire<\/h4>\n\n\t\t\t<\/div>\n\t\t<\/div>\n\t<\/div>\n\t\n\n  \n    <div class=\"row large-columns-3 medium-columns- small-columns-3 row-small\" >\n  <div class=\"gallery-col col\" >\n          <div class=\"col-inner\">\n            <a class=\"image-lightbox lightbox-gallery\" href=\"https:\/\/dev.penalex.ch\/wp-content\/uploads\/2024\/03\/aurelien_ghose-800x800.jpeg\" title=\"\">            <div class=\"box has-hover gallery-box box-overlay dark\">\n              <div class=\"box-image\" >\n                <img loading=\"lazy\" decoding=\"async\" width=\"400\" height=\"400\" src=\"https:\/\/dev.penalex.ch\/wp-content\/uploads\/2024\/03\/aurelien_ghose-400x400.jpeg\" class=\"attachment-medium size-medium\" alt=\"\" ids=\"18765\" col_spacing=\"small\" columns=\"3\" columns__sm=\"3\" srcset=\"https:\/\/dev.penalex.ch\/wp-content\/uploads\/2024\/03\/aurelien_ghose-400x400.jpeg 400w, https:\/\/dev.penalex.ch\/wp-content\/uploads\/2024\/03\/aurelien_ghose-800x800.jpeg 800w, https:\/\/dev.penalex.ch\/wp-content\/uploads\/2024\/03\/aurelien_ghose-280x280.jpeg 280w, https:\/\/dev.penalex.ch\/wp-content\/uploads\/2024\/03\/aurelien_ghose-768x768.jpeg 768w, https:\/\/dev.penalex.ch\/wp-content\/uploads\/2024\/03\/aurelien_ghose-510x510.jpeg 510w, https:\/\/dev.penalex.ch\/wp-content\/uploads\/2024\/03\/aurelien_ghose-100x100.jpeg 100w, https:\/\/dev.penalex.ch\/wp-content\/uploads\/2024\/03\/aurelien_ghose.jpeg 960w\" sizes=\"auto, (max-width: 400px) 100vw, 400px\" \/>                                  <div class=\"overlay fill\"\n                      style=\"background-color: rgba(0,0,0,.15)\">\n                  <\/div>\n                                                              <\/div>\n              <div class=\"box-text text-left\" >\n                 <p><\/p>\n              <\/div>\n            <\/div>\n            <\/a>          <\/div>\n         <\/div><\/div>\n\n<section class=\"av_textblock_section \">\n<div class=\"avia_textblock  \">\n<p><strong>Langues:<\/strong><br \/>Fran\u00e7ais, Anglais, Allemand<\/p>\n<\/div>\n<\/section>\n\t<div class=\"ux-menu stack stack-col justify-start ux-menu--divider-solid\">\n\t\t\n\n\t<div class=\"ux-menu-link flex menu-item\">\n\t\t<a class=\"ux-menu-link__link flex\" href=\"tel:+41219253090\" >\n\t\t\t\t\t\t<span class=\"ux-menu-link__text\">\n\t\t\t\tT\u00e9l\u00e9phone +41 21 925 30 90\t\t\t<\/span>\n\t\t<\/a>\n\t<\/div>\n\t\n\n\t<div class=\"ux-menu-link flex menu-item\">\n\t\t<a class=\"ux-menu-link__link flex\" href=\"https:\/\/dev.penalex.ch\/Fran\u00e7ais,%20Anglais,%20Allemand\" >\n\t\t\t\t\t\t<span class=\"ux-menu-link__text\">\n\t\t\t\tE-mail: ghose@penalex.ch\t\t\t<\/span>\n\t\t<\/a>\n\t<\/div>\n\t\n\n\n\t<\/div>\n\t\n\n\t\t<\/div>\n\t\t\t\t\n<style>\n#col-683785861 > .col-inner {\n  padding: 20px 20px 20px 20px;\n}\n<\/style>\n\t<\/div>\n\n\t\n\n\t<div id=\"col-327489448\" class=\"col medium-8 small-12 large-8\"  >\n\t\t\t\t<div class=\"col-inner\" style=\"background-color:rgb(248, 248, 248);\" >\n\t\t\t\n\t\t\t\n\n<p><strong>Avocat-stagiaire<\/strong><\/p>\n<div class=\"accordion\">\n\n\t<div id=\"accordion-674608647\" class=\"accordion-item\">\n\t\t<a id=\"accordion-674608647-label\" class=\"accordion-title plain\" href=\"#accordion-item-activit\u00e9s-principales\" aria-expanded=\"false\" aria-controls=\"accordion-674608647-content\">\n\t\t\t<button class=\"toggle\" aria-label=\"Toggle\"><i class=\"icon-angle-down\" aria-hidden=\"true\"><\/i><\/button>\n\t\t\t<span>Activit\u00e9s principales<\/span>\n\t\t<\/a>\n\t\t<div id=\"accordion-674608647-content\" class=\"accordion-inner\" aria-labelledby=\"accordion-674608647-label\">\n\t\t\t\n\n<ul>\n<li>Collaboration dans tous les domaines<\/li>\n<\/ul>\n\n\t\t<\/div>\n\t<\/div>\n\t\n\t<div id=\"accordion-19966295\" class=\"accordion-item\">\n\t\t<a id=\"accordion-19966295-label\" class=\"accordion-title plain\" href=\"#accordion-item-formation\" aria-expanded=\"false\" aria-controls=\"accordion-19966295-content\">\n\t\t\t<button class=\"toggle\" aria-label=\"Toggle\"><i class=\"icon-angle-down\" aria-hidden=\"true\"><\/i><\/button>\n\t\t\t<span>Formation<\/span>\n\t\t<\/a>\n\t\t<div id=\"accordion-19966295-content\" class=\"accordion-inner\" aria-labelledby=\"accordion-19966295-label\">\n\t\t\t\n\n<ul>\n<li><strong>Bachelor en sciences \u00e9conomiques et management<\/strong>, juin 2016, Universit\u00e9 de Lausanne (HEC)<\/li>\n<li><strong>Bachelor en droit, <\/strong>juin 2020, Universit\u00e9 de Gen\u00e8ve<\/li>\n<li><strong>Master en droit,<\/strong> janvier 2022, Universit\u00e9 de Fribourg<\/li>\n<li><strong>Certificat de sp\u00e9cialisation en mati\u00e8re d\u2019avocature<\/strong>, juin 2022, Universit\u00e9 de Gen\u00e8ve<\/li>\n<\/ul>\n\n\t\t<\/div>\n\t<\/div>\n\t\n\t<div id=\"accordion-4245872140\" class=\"accordion-item\">\n\t\t<a id=\"accordion-4245872140-label\" class=\"accordion-title plain\" href=\"#accordion-item-exp\u00e9riences-professionnelles\" aria-expanded=\"false\" aria-controls=\"accordion-4245872140-content\">\n\t\t\t<button class=\"toggle\" aria-label=\"Toggle\"><i class=\"icon-angle-down\" aria-hidden=\"true\"><\/i><\/button>\n\t\t\t<span>Exp\u00e9riences professionnelles<\/span>\n\t\t<\/a>\n\t\t<div id=\"accordion-4245872140-content\" class=\"accordion-inner\" aria-labelledby=\"accordion-4245872140-label\">\n\t\t\t\n\n<ul>\n<li><strong>Auditeur junior chez Ernst &amp; Young,<\/strong> Gen\u00e8ve, 2016-2017 (13 mois)\u00a0<\/li>\n<li><strong>Stages d\u2019\u00e9t\u00e9 dans des \u00e9tudes d\u2019avocat,<\/strong> Gen\u00e8ve, 2018-2020\u00a0<\/li>\n<li><strong>Stagiaire juridique chez Penalex,<\/strong> Vevey, 2021 (6 mois)<\/li>\n<li><strong>Avocat-stagiaire chez Lenz&amp;Staehelin,<\/strong> Gen\u00e8ve, 2022-2024 (18 mois)<\/li>\n<\/ul>\n\n\t\t<\/div>\n\t<\/div>\n\t\n\t<div id=\"accordion-7801526\" class=\"accordion-item\">\n\t\t<a id=\"accordion-7801526-label\" class=\"accordion-title plain\" href=\"#accordion-item-affiliations\" aria-expanded=\"false\" aria-controls=\"accordion-7801526-content\">\n\t\t\t<button class=\"toggle\" aria-label=\"Toggle\"><i class=\"icon-angle-down\" aria-hidden=\"true\"><\/i><\/button>\n\t\t\t<span>Affiliations<\/span>\n\t\t<\/a>\n\t\t<div id=\"accordion-7801526-content\" class=\"accordion-inner\" aria-labelledby=\"accordion-7801526-label\">\n\t\t\t\n\n<ul>\n<li>\n<p>Rise Uganda<\/p>\n<\/li>\n<li>F\u00e9d\u00e9ration Genevoise de coop\u00e9ration<\/li>\n<\/ul>\n\n\t\t<\/div>\n\t<\/div>\n\t\n\n<\/div>\n\n\t\t<\/div>\n\t\t\t\t\n<style>\n#col-327489448 > .col-inner {\n  padding: 20px 20px 20px 20px;\n}\n<\/style>\n\t<\/div>\n\n\t\n\n<\/div>\n\n\t\t<\/div>\n\n\t\t\n<style>\n#section_1124386503 {\n  padding-top: 30px;\n  padding-bottom: 30px;\n}\n<\/style>\n\t<\/section>\n\t\n\n","protected":false},"excerpt":{"rendered":"","protected":false},"author":421,"featured_media":0,"parent":0,"menu_order":0,"comment_status":"closed","ping_status":"closed","template":"page-blank.php","meta":{"inline_featured_image":false,"footnotes":""},"class_list":["post-18768","page","type-page","status-publish","hentry"],"_links":{"self":[{"href":"https:\/\/dev.penalex.ch\/en\/wp-json\/wp\/v2\/pages\/18768","targetHints":{"allow":["GET"]}}],"collection":[{"href":"https:\/\/dev.penalex.ch\/en\/wp-json\/wp\/v2\/pages"}],"about":[{"href":"https:\/\/dev.penalex.ch\/en\/wp-json\/wp\/v2\/types\/page"}],"author":[{"embeddable":true,"href":"https:\/\/dev.penalex.ch\/en\/wp-json\/wp\/v2\/users\/421"}],"replies":[{"embeddable":true,"href":"https:\/\/dev.penalex.ch\/en\/wp-json\/wp\/v2\/comments?post=18768"}],"version-history":[{"count":0,"href":"https:\/\/dev.penalex.ch\/en\/wp-json\/wp\/v2\/pages\/18768\/revisions"}],"wp:attachment":[{"href":"https:\/\/dev.penalex.ch\/en\/wp-json\/wp\/v2\/media?parent=18768"}],"curies":[{"name":"wp","href":"https:\/\/api.w.org\/{rel}","templated":true}]}}