{"id":18305,"date":"2023-06-28T10:19:37","date_gmt":"2023-06-28T08:19:37","guid":{"rendered":"https:\/\/dev.penalex.ch\/team\/me-laurent-contat\/"},"modified":"2023-11-23T13:09:54","modified_gmt":"2023-11-23T12:09:54","slug":"me-laurent-contat","status":"publish","type":"page","link":"https:\/\/dev.penalex.ch\/en\/team\/me-laurent-contat\/","title":{"rendered":"Me Laurent Contat"},"content":{"rendered":"\n  <div id=\"page-header-491118069\" class=\"page-header-wrapper\">\n  <div class=\"page-title dark featured-title\">\n\n    \n    <div class=\"page-title-inner container align-center flex-row medium-flex-wrap\" >\n              <div class=\"title-wrapper flex-col text-left medium-text-center\">\n          <h1 class=\"entry-title mb-0\">\n            Me Laurent Contat          <\/h1>\n        <\/div>\n                    <div class=\"title-content flex-col flex-right text-right medium-text-center\">\n        <div class=\"title-share pt-half pb-half\"><div class=\"social-icons share-icons share-row relative icon-style-outline\" ><a href=\"whatsapp:\/\/send?text=Me%20Laurent%20Contat - https:\/\/dev.penalex.ch\/en\/team\/me-laurent-contat\/\" data-action=\"share\/whatsapp\/share\" class=\"icon button circle is-outline tooltip whatsapp show-for-medium\" title=\"Share on WhatsApp\" aria-label=\"Share on WhatsApp\"><i class=\"icon-whatsapp\" aria-hidden=\"true\"><\/i><\/a><a href=\"https:\/\/www.facebook.com\/sharer.php?u=https:\/\/dev.penalex.ch\/en\/team\/me-laurent-contat\/\" data-label=\"Facebook\" onclick=\"window.open(this.href,this.title,'width=500,height=500,top=300px,left=300px'); return false;\" target=\"_blank\" class=\"icon button circle is-outline tooltip facebook\" title=\"Share on Facebook\" aria-label=\"Share on Facebook\" rel=\"noopener nofollow\"><i class=\"icon-facebook\" aria-hidden=\"true\"><\/i><\/a><a href=\"https:\/\/twitter.com\/share?url=https:\/\/dev.penalex.ch\/en\/team\/me-laurent-contat\/\" onclick=\"window.open(this.href,this.title,'width=500,height=500,top=300px,left=300px'); return false;\" target=\"_blank\" class=\"icon button circle is-outline tooltip twitter\" title=\"Share on Twitter\" aria-label=\"Share on Twitter\" rel=\"noopener nofollow\"><i class=\"icon-twitter\" aria-hidden=\"true\"><\/i><\/a><a href=\"mailto:?subject=Me%20Laurent%20Contat&body=Check%20this%20out%3A%20https%3A%2F%2Fdev.penalex.ch%2Fen%2Fteam%2Fme-laurent-contat%2F\" class=\"icon button circle is-outline tooltip email\" title=\"Email to a Friend\" aria-label=\"Email to a Friend\" rel=\"nofollow\"><i class=\"icon-envelop\" aria-hidden=\"true\"><\/i><\/a><a href=\"https:\/\/www.linkedin.com\/shareArticle?mini=true&url=https:\/\/dev.penalex.ch\/en\/team\/me-laurent-contat\/&title=Me%20Laurent%20Contat\" onclick=\"window.open(this.href,this.title,'width=500,height=500,top=300px,left=300px'); return false;\" target=\"_blank\" class=\"icon button circle is-outline tooltip linkedin\" title=\"Share on LinkedIn\" aria-label=\"Share on LinkedIn\" rel=\"noopener nofollow\"><i class=\"icon-linkedin\" aria-hidden=\"true\"><\/i><\/a><a href=\"https:\/\/telegram.me\/share\/url?url=https:\/\/dev.penalex.ch\/en\/team\/me-laurent-contat\/\" onclick=\"window.open(this.href,this.title,'width=500,height=500,top=300px,left=300px'); return false;\" target=\"_blank\" class=\"icon button circle is-outline tooltip telegram\" title=\"Share on Telegram\" aria-label=\"Share on Telegram\" rel=\"noopener nofollow\"><i class=\"icon-telegram\" aria-hidden=\"true\"><\/i><\/a><\/div><\/div>      <\/div>\n    <\/div>\n\n       <\/div>\n    <\/div>\n  \n\n\n\t<section class=\"section\" id=\"section_1267565599\">\n\t\t<div class=\"section-bg fill\" >\n\t\t\t\t\t\t\t\t\t\n\t\t\t\n\n\t\t<\/div>\n\n\t\t\n\n\t\t<div class=\"section-content relative\">\n\t\t\t\n\n<div class=\"row\"  id=\"row-1782956091\">\n\n\n\t<div id=\"col-333794493\" class=\"col medium-4 small-12 large-4\"  >\n\t\t\t\t<div class=\"col-inner\" style=\"background-color:rgb(248, 248, 248);\" >\n\t\t\t\n\t\t\t\n\n\t<div class=\"box has-hover   has-hover box-text-bottom\" >\n\n\t\t<div class=\"box-image\" >\n\t\t\t\t\t\t<div class=\"\" >\n\t\t\t\t<img loading=\"lazy\" decoding=\"async\" width=\"2262\" height=\"2262\" src=\"https:\/\/dev.penalex.ch\/wp-content\/uploads\/2023\/06\/Penalex_2023-086_pp.jpg\" class=\"attachment- size-\" alt=\"\" srcset=\"https:\/\/dev.penalex.ch\/wp-content\/uploads\/2023\/06\/Penalex_2023-086_pp.jpg 2262w, https:\/\/dev.penalex.ch\/wp-content\/uploads\/2023\/06\/Penalex_2023-086_pp-400x400.jpg 400w, https:\/\/dev.penalex.ch\/wp-content\/uploads\/2023\/06\/Penalex_2023-086_pp-800x800.jpg 800w, https:\/\/dev.penalex.ch\/wp-content\/uploads\/2023\/06\/Penalex_2023-086_pp-280x280.jpg 280w, https:\/\/dev.penalex.ch\/wp-content\/uploads\/2023\/06\/Penalex_2023-086_pp-768x768.jpg 768w, https:\/\/dev.penalex.ch\/wp-content\/uploads\/2023\/06\/Penalex_2023-086_pp-1536x1536.jpg 1536w, https:\/\/dev.penalex.ch\/wp-content\/uploads\/2023\/06\/Penalex_2023-086_pp-2048x2048.jpg 2048w, https:\/\/dev.penalex.ch\/wp-content\/uploads\/2023\/06\/Penalex_2023-086_pp-510x510.jpg 510w, https:\/\/dev.penalex.ch\/wp-content\/uploads\/2023\/06\/Penalex_2023-086_pp-100x100.jpg 100w\" sizes=\"auto, (max-width: 2262px) 100vw, 2262px\" \/>\t\t\t\t\t\t\t\t\t\t\t<\/div>\n\t\t\t\t\t<\/div>\n\n\t\t<div class=\"box-text text-center\" >\n\t\t\t<div class=\"box-text-inner\">\n\t\t\t\t\n\n<h4><strong>Me Laurent Contat<\/strong><br>Lawyer at the Bar<\/h4>\n\n\t\t\t<\/div>\n\t\t<\/div>\n\t<\/div>\n\t\n\n  \n    <div class=\"row large-columns-3 medium-columns- small-columns-3 row-small\" >\n  <div class=\"gallery-col col\" >\n          <div class=\"col-inner\">\n            <a class=\"image-lightbox lightbox-gallery\" href=\"https:\/\/dev.penalex.ch\/wp-content\/uploads\/2023\/06\/Penalex_2023-086_pp-800x800.jpg\" title=\"\">            <div class=\"box has-hover gallery-box box-overlay dark\">\n              <div class=\"box-image\" >\n                <img loading=\"lazy\" decoding=\"async\" width=\"400\" height=\"400\" src=\"https:\/\/dev.penalex.ch\/wp-content\/uploads\/2023\/06\/Penalex_2023-086_pp-400x400.jpg\" class=\"attachment-medium size-medium\" alt=\"\" ids=\"18293,18280\" col_spacing=\"small\" columns=\"3\" columns__sm=\"3\" srcset=\"https:\/\/dev.penalex.ch\/wp-content\/uploads\/2023\/06\/Penalex_2023-086_pp-400x400.jpg 400w, https:\/\/dev.penalex.ch\/wp-content\/uploads\/2023\/06\/Penalex_2023-086_pp-800x800.jpg 800w, https:\/\/dev.penalex.ch\/wp-content\/uploads\/2023\/06\/Penalex_2023-086_pp-280x280.jpg 280w, https:\/\/dev.penalex.ch\/wp-content\/uploads\/2023\/06\/Penalex_2023-086_pp-768x768.jpg 768w, https:\/\/dev.penalex.ch\/wp-content\/uploads\/2023\/06\/Penalex_2023-086_pp-1536x1536.jpg 1536w, https:\/\/dev.penalex.ch\/wp-content\/uploads\/2023\/06\/Penalex_2023-086_pp-2048x2048.jpg 2048w, https:\/\/dev.penalex.ch\/wp-content\/uploads\/2023\/06\/Penalex_2023-086_pp-510x510.jpg 510w, https:\/\/dev.penalex.ch\/wp-content\/uploads\/2023\/06\/Penalex_2023-086_pp-100x100.jpg 100w\" sizes=\"auto, (max-width: 400px) 100vw, 400px\" \/>                                  <div class=\"overlay fill\"\n                      style=\"background-color: rgba(0,0,0,.15)\">\n                  <\/div>\n                                                              <\/div>\n              <div class=\"box-text text-left\" >\n                 <p><\/p>\n              <\/div>\n            <\/div>\n            <\/a>          <\/div>\n         <\/div><div class=\"gallery-col col\" >\n          <div class=\"col-inner\">\n            <a class=\"image-lightbox lightbox-gallery\" href=\"https:\/\/dev.penalex.ch\/wp-content\/uploads\/2023\/06\/Penalex_2023-111_pp-carre-800x800.jpg\" title=\"\">            <div class=\"box has-hover gallery-box box-overlay dark\">\n              <div class=\"box-image\" >\n                <img loading=\"lazy\" decoding=\"async\" width=\"400\" height=\"400\" src=\"https:\/\/dev.penalex.ch\/wp-content\/uploads\/2023\/06\/Penalex_2023-111_pp-carre-400x400.jpg\" class=\"attachment-medium size-medium\" alt=\"\" ids=\"18293,18280\" col_spacing=\"small\" columns=\"3\" columns__sm=\"3\" srcset=\"https:\/\/dev.penalex.ch\/wp-content\/uploads\/2023\/06\/Penalex_2023-111_pp-carre-400x400.jpg 400w, https:\/\/dev.penalex.ch\/wp-content\/uploads\/2023\/06\/Penalex_2023-111_pp-carre-800x800.jpg 800w, https:\/\/dev.penalex.ch\/wp-content\/uploads\/2023\/06\/Penalex_2023-111_pp-carre-280x280.jpg 280w, https:\/\/dev.penalex.ch\/wp-content\/uploads\/2023\/06\/Penalex_2023-111_pp-carre-768x768.jpg 768w, https:\/\/dev.penalex.ch\/wp-content\/uploads\/2023\/06\/Penalex_2023-111_pp-carre-1536x1536.jpg 1536w, https:\/\/dev.penalex.ch\/wp-content\/uploads\/2023\/06\/Penalex_2023-111_pp-carre-2048x2048.jpg 2048w, https:\/\/dev.penalex.ch\/wp-content\/uploads\/2023\/06\/Penalex_2023-111_pp-carre-510x510.jpg 510w, https:\/\/dev.penalex.ch\/wp-content\/uploads\/2023\/06\/Penalex_2023-111_pp-carre-100x100.jpg 100w\" sizes=\"auto, (max-width: 400px) 100vw, 400px\" \/>                                  <div class=\"overlay fill\"\n                      style=\"background-color: rgba(0,0,0,.15)\">\n                  <\/div>\n                                                              <\/div>\n              <div class=\"box-text text-left\" >\n                 <p><\/p>\n              <\/div>\n            <\/div>\n            <\/a>          <\/div>\n         <\/div><\/div>\n\n<section class=\"av_textblock_section \">\n<div class=\"avia_textblock \">\n<p><strong>Languages:<\/strong><br>French, German, Swiss German, English<\/p>\n<\/div>\n<\/section>\n<a href=\"#booking\" class=\"button primary lowercase\" style=\"border-radius:10px;\">\n\t\t<span>Make an appointment<\/span>\n\t<\/a>\n\n\n\t<div class=\"ux-menu stack stack-col justify-start ux-menu--divider-solid\">\n\t\t\n\n\t<div class=\"ux-menu-link flex menu-item\">\n\t\t<a class=\"ux-menu-link__link flex\" href=\"tel:+41219253090\" >\n\t\t\t\t\t\t<span class=\"ux-menu-link__text\">\n\t\t\t\tPhone +41 21 925 30 90\t\t\t<\/span>\n\t\t<\/a>\n\t<\/div>\n\t\n\n\t<div class=\"ux-menu-link flex menu-item\">\n\t\t<a class=\"ux-menu-link__link flex\" href=\"https:\/\/dev.penalex.ch\/contat@penalex.ch\" >\n\t\t\t\t\t\t<span class=\"ux-menu-link__text\">\n\t\t\t\tE-mail: contat@penalex.ch\t\t\t<\/span>\n\t\t<\/a>\n\t<\/div>\n\t\n\n\t<div class=\"ux-menu-link flex menu-item\">\n\t\t<a class=\"ux-menu-link__link flex\" href=\"https:\/\/www.linkedin.com\/in\/laurent-contat-83410823\/\" >\n\t\t\t\t\t\t<span class=\"ux-menu-link__text\">\n\t\t\t\tLinkedin\t\t\t<\/span>\n\t\t<\/a>\n\t<\/div>\n\t\n\n\n\t<\/div>\n\t\n\n\t\t<\/div>\n\t\t\t\t\n<style>\n#col-333794493 > .col-inner {\n  padding: 20px 20px 20px 20px;\n}\n<\/style>\n\t<\/div>\n\n\t\n\n\t<div id=\"col-1751544734\" class=\"col medium-8 small-12 large-8\"  >\n\t\t\t\t<div class=\"col-inner\" style=\"background-color:rgb(248, 248, 248);\" >\n\t\t\t\n\t\t\t\n\n<p>Lawyer at the Bar<\/p>\n<p>Former Public Prosecutor<\/p>\n<p>CAS for the Criminal Judiciary<\/p>\n<p>DESS in Criminology<\/p>\n<div class=\"accordion\">\n\n\t<div id=\"accordion-1676053519\" class=\"accordion-item\">\n\t\t<a id=\"accordion-1676053519-label\" class=\"accordion-title plain\" href=\"#accordion-item-main-activities\" aria-expanded=\"false\" aria-controls=\"accordion-1676053519-content\">\n\t\t\t<button class=\"toggle\" aria-label=\"Toggle\"><i class=\"icon-angle-down\" aria-hidden=\"true\"><\/i><\/button>\n\t\t\t<span>Main activities<\/span>\n\t\t<\/a>\n\t\t<div id=\"accordion-1676053519-content\" class=\"accordion-inner\" aria-labelledby=\"accordion-1676053519-label\">\n\t\t\t\n\n<ul>\n<li>General criminal law<\/li>\n<li>Criminal sports law and doping<\/li>\n<li>Juvenile criminal law<\/li>\n<li>Criminal road traffic law (LCR)<\/li>\n<li>Criminal Procedure<\/li>\n<li>Enforcement of sentences and ECHR<\/li>\n<li>Extradition<\/li>\n<li>International judicial assistance in criminal and administrative matters<\/li>\n<\/ul>\n\n\t\t<\/div>\n\t<\/div>\n\t\n\t<div id=\"accordion-374086060\" class=\"accordion-item\">\n\t\t<a id=\"accordion-374086060-label\" class=\"accordion-title plain\" href=\"#accordion-item-training\" aria-expanded=\"false\" aria-controls=\"accordion-374086060-content\">\n\t\t\t<button class=\"toggle\" aria-label=\"Toggle\"><i class=\"icon-angle-down\" aria-hidden=\"true\"><\/i><\/button>\n\t\t\t<span>Training<\/span>\n\t\t<\/a>\n\t\t<div id=\"accordion-374086060-content\" class=\"accordion-inner\" aria-labelledby=\"accordion-374086060-label\">\n\t\t\t\n\n<ul>\n<li>\n<p><strong>CAS for criminal magistrates<\/strong>, University of Applied Sciences Western Switzerland (HES-SO), Neuch\u00e2tel, 2011<\/p>\n<\/li>\n<li>\n<p><strong>Bar exam<\/strong>, Lausanne, 2009<\/p>\n<\/li>\n<li>\n<p><strong>Postgraduate Diploma in Criminology (DESS<\/strong>), School of Criminal Sciences (ESC), Lausanne, 2005<\/p>\n<\/li>\n<li>\n<p><strong>Law degree<\/strong>, Faculty of Law, University of Lausanne (UNIL), Lausanne, 2003<\/p>\n<\/li>\n<\/ul>\n\n\t\t<\/div>\n\t<\/div>\n\t\n\t<div id=\"accordion-4285059571\" class=\"accordion-item\">\n\t\t<a id=\"accordion-4285059571-label\" class=\"accordion-title plain\" href=\"#accordion-item-professional-experience\" aria-expanded=\"false\" aria-controls=\"accordion-4285059571-content\">\n\t\t\t<button class=\"toggle\" aria-label=\"Toggle\"><i class=\"icon-angle-down\" aria-hidden=\"true\"><\/i><\/button>\n\t\t\t<span>Professional experience<\/span>\n\t\t<\/a>\n\t\t<div id=\"accordion-4285059571-content\" class=\"accordion-inner\" aria-labelledby=\"accordion-4285059571-label\">\n\t\t\t\n\n<ul>\n<li><strong>Barrister<\/strong>, Penalex Avocats SA, since July 2023<\/li>\n<li>\n<p><strong>Prosecutor<\/strong> at the Lausanne Public Prosecutor&#8217;s Office,<br>january 2011 &#8211; december 2022<\/p>\n<\/li>\n<li>\n<p><strong>Investigating Judge<\/strong> at the Criminal Investigation Offices of Yverdon and Vevey, June 2010 and November &#8211; December 2010<\/p>\n<\/li>\n<li>\n<p><strong>Substitute clerk<\/strong> to the Civil Court, Cantonal Court, Vaud, July 2010 &#8211; October 2010<\/p>\n<\/li>\n<li>\n<p><strong>Deputy Public Prosecutor<\/strong> at the Vaud Public Prosecutor&#8217;s Office, Lausanne, February 2010 &#8211; May 2010<\/p>\n<\/li>\n<li>\n<p><strong>Substitute and ad hoc clerk<\/strong> at the Tribunal d&#8217;arrondissement de la Broye et du Nord vaudois and at the Tribunal d&#8217;arrondissement de la C\u00f4te, March 2009 &#8211; August 2009<\/p>\n<\/li>\n<li>\n<p><strong>Trainee lawyer<\/strong>, Chaulmontet et associ\u00e9s, September 2006 &#8211; November 2008<\/p>\n<\/li>\n<li>\n<p><strong>Substitute\/ad hoc clerk<\/strong> at the Social Insurance Court and then at the Criminal Court of Cassation, Cantonal Court, Vaud, November 2005 &#8211; August 2006<\/p>\n<\/li>\n<li>\n<p><strong>Secretary to<\/strong> the Office of the Cantonal Examining Magistrate, January 2004 &#8211; August 2006<\/p>\n<\/li>\n<\/ul>\n\n\t\t<\/div>\n\t<\/div>\n\t\n\t<div id=\"accordion-2863677148\" class=\"accordion-item\">\n\t\t<a id=\"accordion-2863677148-label\" class=\"accordion-title plain\" href=\"#accordion-item-academic-activities\" aria-expanded=\"false\" aria-controls=\"accordion-2863677148-content\">\n\t\t\t<button class=\"toggle\" aria-label=\"Toggle\"><i class=\"icon-angle-down\" aria-hidden=\"true\"><\/i><\/button>\n\t\t\t<span>Academic activities<\/span>\n\t\t<\/a>\n\t\t<div id=\"accordion-2863677148-content\" class=\"accordion-inner\" aria-labelledby=\"accordion-2863677148-label\">\n\t\t\t\n\n<ul>\n<li>\n<p>Lecturer in <strong>criminal road traffic<\/strong> law at the Association des services des automobiles, Lausanne, since 2017<\/p>\n<\/li>\n<li>\n<p>Lecturer in <strong>criminal law and criminal procedure law<\/strong> at the Swiss Center of Competence in the Execution of Criminal Sanctions, Fribourg, since 2019<\/p>\n<\/li>\n<\/ul>\n\n\t\t<\/div>\n\t<\/div>\n\t\n\t<div id=\"accordion-371375041\" class=\"accordion-item\">\n\t\t<a id=\"accordion-371375041-label\" class=\"accordion-title plain\" href=\"#accordion-item-publications\" aria-expanded=\"false\" aria-controls=\"accordion-371375041-content\">\n\t\t\t<button class=\"toggle\" aria-label=\"Toggle\"><i class=\"icon-angle-down\" aria-hidden=\"true\"><\/i><\/button>\n\t\t\t<span>Publications<\/span>\n\t\t<\/a>\n\t\t<div id=\"accordion-371375041-content\" class=\"accordion-inner\" aria-labelledby=\"accordion-371375041-label\">\n\t\t\t\n\n<ul>\n<li>\n<p><strong>Erfolgreiche Dopingbek\u00e4mpfung mittels Sportf\u00f6rderungsgesetz? &#8211; Versuch einer Bilanz nach acht Jahren<\/strong>  (with M. Steiner), 2020, Causa Sport &#8211; 3\/2020 &#8211; Nomos<\/p>\n<\/li>\n<li>\n<p><strong>The de-socializing effect of preventive detention: a necessary evil? A practitioner&#8217;s point of view<\/strong><em>in<\/em>: F. Genillod-Villard, S. Keller, M. Niggli, Ch. Schwarzenegger: La r\u00e9habilitation dans la soci\u00e9t\u00e9 du risque z\u00e9ro, Groupe Suisse de Criminologie, v. 37, 2020, St\u00e4mpfli, Bern<\/p>\n<\/li>\n<li>\n<p><strong>Dopingbek\u00e4mpfung durch Staat und Private in der Schweiz<\/strong> (with M. Steiner et alii), 2016, Causa Sport &#8211; 2\/2016 &#8211; Boorberg, Jan Sramek Verlag, DIKE<\/p>\n<\/li>\n<li>\n<p><strong>Investigation secr\u00e8te: de la LFIS au Code de proc\u00e9dure p\u00e9nale suisse; bref \u00e9tat des lieux<\/strong>, <em>in<\/em>: Revue P\u00e9nale Suisse, 3\/2012, 2012, St\u00e4mpfli Edition, Bern<\/p>\n<\/li>\n<li>\n<p><strong>Avant-projet de la LCA du 31 juillet 2006<\/strong> (with O. Carr\u00e9), <em>in<\/em>: HAVE\/REAS, 3\/2007, 2007, Schulthess, Zurich<\/p>\n<\/li>\n<li>\n<p><strong>Le sursis selon le CP 1937<\/strong>, <em>in<\/em>: Droit des sanctions De l&#8217;ancien au nouveau droit , edited by A. Kuhn, L. Moreillon, B. Viredaz, A. Willi-Jayet, 2004, Staempfli Edition, Bern<\/p>\n<\/li>\n<\/ul>\n\n\t\t<\/div>\n\t<\/div>\n\t\n\t<div id=\"accordion-2217276926\" class=\"accordion-item\">\n\t\t<a id=\"accordion-2217276926-label\" class=\"accordion-title plain\" href=\"#accordion-item-conferences\" aria-expanded=\"false\" aria-controls=\"accordion-2217276926-content\">\n\t\t\t<button class=\"toggle\" aria-label=\"Toggle\"><i class=\"icon-angle-down\" aria-hidden=\"true\"><\/i><\/button>\n\t\t\t<span>Conferences<\/span>\n\t\t<\/a>\n\t\t<div id=\"accordion-2217276926-content\" class=\"accordion-inner\" aria-labelledby=\"accordion-2217276926-label\">\n\t\t\t\n\n<ul>\n<li>\n<p><strong>The de-socializing effect of preventive detention: a necessary evil? A practitioner&#8217;s point of view<\/strong>presentation <em> at <\/em>the annual<em> conference<\/em>of the Swiss Criminology Group, Interlaken March 7, 2019<\/p>\n<\/li>\n<\/ul>\n\n\t\t<\/div>\n\t<\/div>\n\t\n\t<div id=\"accordion-2227591365\" class=\"accordion-item\">\n\t\t<a id=\"accordion-2227591365-label\" class=\"accordion-title plain\" href=\"#accordion-item-affiliations\" aria-expanded=\"false\" aria-controls=\"accordion-2227591365-content\">\n\t\t\t<button class=\"toggle\" aria-label=\"Toggle\"><i class=\"icon-angle-down\" aria-hidden=\"true\"><\/i><\/button>\n\t\t\t<span>Affiliations<\/span>\n\t\t<\/a>\n\t\t<div id=\"accordion-2227591365-content\" class=\"accordion-inner\" aria-labelledby=\"accordion-2227591365-label\">\n\t\t\t\n\n<ul>\n<li><a href=\"https:\/\/kriminologie.ch\/francais.html\">Swiss Group of Criminology (GSC)<\/a><\/li>\n<li><a title=\"Swiss Society of Criminal Law\" href=\"http:\/\/www.skg-ssdp.ch\/\" target=\"_blank\" rel=\"noopener\">Swiss Society of Criminal Law<\/a><\/li>\n<\/ul>\n\n\t\t<\/div>\n\t<\/div>\n\t\n\n<\/div>\n\n\t\t<\/div>\n\t\t\t\t\n<style>\n#col-1751544734 > .col-inner {\n  padding: 20px 20px 20px 20px;\n}\n<\/style>\n\t<\/div>\n\n\t\n\n<\/div>\n\n\t\t<\/div>\n\n\t\t\n<style>\n#section_1267565599 {\n  padding-top: 30px;\n  padding-bottom: 30px;\n}\n<\/style>\n\t<\/section>\n\t\n<div class=\"row\"  id=\"row-1791221083\">\n\n\n\t<div id=\"col-1811896986\" class=\"col small-12 large-12\"  >\n\t\t\t\t<div class=\"col-inner\"  >\n\t\t\t\n\t\t\t\n\n<span class=\"scroll-to\" data-label=\"Scroll to: #booking\" data-bullet=\"true\" data-link=\"#booking\" data-title=\"Booking\"><a name=\"booking\"><\/a><\/span>\n\n<h4><strong>Me Laurent Contat<\/strong><br>Lawyer at the Bar<\/h4>\n<!--\nPlugin Name: Bookly - Responsive WordPress Appointment Booking and Scheduling Plugin\nPlugin URI: https:\/\/www.booking-wp-plugin.com\/?utm_source=bookly_admin&utm_medium=plugins_page&utm_campaign=plugins_page\nVersion: 27.2-->\n<style type=\"text\/css\">\n    :root {\n        --bookly-main-color: #bd4f5c !important;\n        --bookly-color: #bd4f5c !important;\n    }\n\n    <\/style><div class=\"bookly-css-root\">\n    <div id=\"bookly-form-container-69d14f6bb6d26\" class=\"bookly-form\" data-form_id=\"\" aria-live=\"polite\">\n        <div style=\"text-align: center\"><img decoding=\"async\" src=\"https:\/\/dev.penalex.ch\/wp-includes\/js\/tinymce\/skins\/lightgray\/img\/loader.gif\" alt=\"Loading...\"\/><\/div>\n    <\/div>\n<\/div>\n    <div class=\"powered-by-bookly\">Powered by        <a href=\"https:\/\/www.booking-wp-plugin.com\/?utm_source=referral&utm_medium=booking_widget\" target=\"_blank\">Bookly<\/a> \u2014\n        <a href=\"https:\/\/www.booking-wp-plugin.com\/?utm_source=referral&utm_medium=booking_widget\" target=\"_blank\">WordPress Booking Plugin<\/a>\n    <\/div>\n<script type=\"text\/javascript\">\n    (function (win, fn) {\n        var done = false, top = true,\n            doc = win.document,\n            root = doc.documentElement,\n            modern = doc.addEventListener,\n            add = modern ? 'addEventListener' : 'attachEvent',\n            rem = modern ? 'removeEventListener' : 'detachEvent',\n            pre = modern ? '' : 'on',\n            init = function (e) {\n                if (e.type == 'readystatechange') if (doc.readyState != 'complete') return;\n                (e.type == 'load' ? win : doc)[rem](pre + e.type, init, false);\n                if (!done) {\n                    done = true;\n                    fn.call(win, e.type || e);\n                }\n            },\n            poll = function () {\n                try {\n                    root.doScroll('left');\n                } catch (e) {\n                    setTimeout(poll, 50);\n                    return;\n                }\n                init('poll');\n            };\n        if (doc.readyState == 'complete') fn.call(win, 'lazy');\n        else {\n            if (!modern) if (root.doScroll) {\n                try {\n                    top = !win.frameElement;\n                } catch (e) {\n                }\n                if (top) poll();\n            }\n            doc[add](pre + 'DOMContentLoaded', init, false);\n            doc[add](pre + 'readystatechange', init, false);\n            win[add](pre + 'load', init, false);\n        }\n    })(window, function () {\n        window.bookly( {\"form_id\":\"69d14f6bb6d26\",\"form_data\":{\"skip_service_step\":0,\"hide_service_part1\":0,\"hide_service_part2\":1,\"defaults\":{\"service_id\":0,\"staff_id\":11,\"location_id\":0,\"category_id\":0,\"units\":0,\"date_from\":0,\"time_from\":0,\"time_to\":0}},\"status\":{\"booking\":\"new\"},\"form_token\":null,\"skip_steps\":{\"service_part1\":0,\"service_part2\":1,\"extras\":1,\"time\":0,\"repeat\":1,\"cart\":1},\"errors\":{\"session_error\":\"Session error.\",\"form_id_error\":\"Form ID error.\",\"cart_item_not_available\":\"La case s\\u00e9lectionn\\u00e9e n'est plus disponible. Merci d'en choisir une autre.\",\"pay_locally_not_available\":\"Pay locally is not available.\",\"invalid_gateway\":\"Invalid gateway.\",\"payment_error\":\"Error.\",\"incorrect_username_password\":\"Incorrect username or password.\"},\"form_attributes\":{\"hide_categories\":false,\"hide_services\":false,\"hide_staff_members\":true,\"show_number_of_persons\":false,\"hide_service_duration\":true,\"hide_locations\":true,\"hide_quantity\":true,\"hide_date\":true,\"hide_week_days\":true,\"hide_time_range\":true},\"use_client_time_zone\":1,\"defaults\":{\"service_id\":0,\"staff_id\":11,\"location_id\":0,\"category_id\":0},\"datepicker_mode\":\"text-accent\",\"facebook\":{\"enabled\":0,\"appId\":\"\"}} );\n    });\n<\/script>\n\n\t\t<\/div>\n\t\t\t\t\t<\/div>\n\n\t\n\n\n<style>\n#row-1791221083 > .col > .col-inner {\n  padding: 20px 20px 20px 20px;\n  background-color: rgb(248, 248, 248);\n}\n<\/style>\n<\/div>\n\n","protected":false},"excerpt":{"rendered":"","protected":false},"author":2,"featured_media":0,"parent":17008,"menu_order":0,"comment_status":"closed","ping_status":"closed","template":"page-blank.php","meta":{"inline_featured_image":false,"footnotes":""},"class_list":["post-18305","page","type-page","status-publish","hentry"],"_links":{"self":[{"href":"https:\/\/dev.penalex.ch\/en\/wp-json\/wp\/v2\/pages\/18305","targetHints":{"allow":["GET"]}}],"collection":[{"href":"https:\/\/dev.penalex.ch\/en\/wp-json\/wp\/v2\/pages"}],"about":[{"href":"https:\/\/dev.penalex.ch\/en\/wp-json\/wp\/v2\/types\/page"}],"author":[{"embeddable":true,"href":"https:\/\/dev.penalex.ch\/en\/wp-json\/wp\/v2\/users\/2"}],"replies":[{"embeddable":true,"href":"https:\/\/dev.penalex.ch\/en\/wp-json\/wp\/v2\/comments?post=18305"}],"version-history":[{"count":0,"href":"https:\/\/dev.penalex.ch\/en\/wp-json\/wp\/v2\/pages\/18305\/revisions"}],"up":[{"embeddable":true,"href":"https:\/\/dev.penalex.ch\/en\/wp-json\/wp\/v2\/pages\/17008"}],"wp:attachment":[{"href":"https:\/\/dev.penalex.ch\/en\/wp-json\/wp\/v2\/media?parent=18305"}],"curies":[{"name":"wp","href":"https:\/\/api.w.org\/{rel}","templated":true}]}}