{"id":17007,"date":"2022-04-24T09:50:28","date_gmt":"2022-04-24T07:50:28","guid":{"rendered":"https:\/\/dev.penalex.ch\/me-daniel-trajilovic\/"},"modified":"2023-11-23T12:57:21","modified_gmt":"2023-11-23T11:57:21","slug":"me-daniel-trajilovic","status":"publish","type":"page","link":"https:\/\/dev.penalex.ch\/en\/team\/me-daniel-trajilovic\/","title":{"rendered":"Me Daniel Trajilovic"},"content":{"rendered":"\n  <div id=\"page-header-1592459348\" class=\"page-header-wrapper\">\n  <div class=\"page-title dark featured-title\">\n\n    \n    <div class=\"page-title-inner container align-center flex-row medium-flex-wrap\" >\n              <div class=\"title-wrapper flex-col text-left medium-text-center\">\n          <h1 class=\"entry-title mb-0\">\n            Me Daniel Trajilovic          <\/h1>\n        <\/div>\n                    <div class=\"title-content flex-col flex-right text-right medium-text-center\">\n        <div class=\"title-share pt-half pb-half\"><div class=\"social-icons share-icons share-row relative icon-style-outline\" ><a href=\"whatsapp:\/\/send?text=Me%20Daniel%20Trajilovic - https:\/\/dev.penalex.ch\/en\/team\/me-daniel-trajilovic\/\" data-action=\"share\/whatsapp\/share\" class=\"icon button circle is-outline tooltip whatsapp show-for-medium\" title=\"Share on WhatsApp\" aria-label=\"Share on WhatsApp\"><i class=\"icon-whatsapp\" aria-hidden=\"true\"><\/i><\/a><a href=\"https:\/\/www.facebook.com\/sharer.php?u=https:\/\/dev.penalex.ch\/en\/team\/me-daniel-trajilovic\/\" data-label=\"Facebook\" onclick=\"window.open(this.href,this.title,'width=500,height=500,top=300px,left=300px'); return false;\" target=\"_blank\" class=\"icon button circle is-outline tooltip facebook\" title=\"Share on Facebook\" aria-label=\"Share on Facebook\" rel=\"noopener nofollow\"><i class=\"icon-facebook\" aria-hidden=\"true\"><\/i><\/a><a href=\"https:\/\/twitter.com\/share?url=https:\/\/dev.penalex.ch\/en\/team\/me-daniel-trajilovic\/\" onclick=\"window.open(this.href,this.title,'width=500,height=500,top=300px,left=300px'); return false;\" target=\"_blank\" class=\"icon button circle is-outline tooltip twitter\" title=\"Share on Twitter\" aria-label=\"Share on Twitter\" rel=\"noopener nofollow\"><i class=\"icon-twitter\" aria-hidden=\"true\"><\/i><\/a><a href=\"mailto:?subject=Me%20Daniel%20Trajilovic&body=Check%20this%20out%3A%20https%3A%2F%2Fdev.penalex.ch%2Fen%2Fteam%2Fme-daniel-trajilovic%2F\" class=\"icon button circle is-outline tooltip email\" title=\"Email to a Friend\" aria-label=\"Email to a Friend\" rel=\"nofollow\"><i class=\"icon-envelop\" aria-hidden=\"true\"><\/i><\/a><a href=\"https:\/\/www.linkedin.com\/shareArticle?mini=true&url=https:\/\/dev.penalex.ch\/en\/team\/me-daniel-trajilovic\/&title=Me%20Daniel%20Trajilovic\" onclick=\"window.open(this.href,this.title,'width=500,height=500,top=300px,left=300px'); return false;\" target=\"_blank\" class=\"icon button circle is-outline tooltip linkedin\" title=\"Share on LinkedIn\" aria-label=\"Share on LinkedIn\" rel=\"noopener nofollow\"><i class=\"icon-linkedin\" aria-hidden=\"true\"><\/i><\/a><a href=\"https:\/\/telegram.me\/share\/url?url=https:\/\/dev.penalex.ch\/en\/team\/me-daniel-trajilovic\/\" onclick=\"window.open(this.href,this.title,'width=500,height=500,top=300px,left=300px'); return false;\" target=\"_blank\" class=\"icon button circle is-outline tooltip telegram\" title=\"Share on Telegram\" aria-label=\"Share on Telegram\" rel=\"noopener nofollow\"><i class=\"icon-telegram\" aria-hidden=\"true\"><\/i><\/a><\/div><\/div>      <\/div>\n    <\/div>\n\n       <\/div>\n    <\/div>\n  \n\n\n\t<section class=\"section\" id=\"section_1388050746\">\n\t\t<div class=\"section-bg fill\" >\n\t\t\t\t\t\t\t\t\t\n\t\t\t\n\n\t\t<\/div>\n\n\t\t\n\n\t\t<div class=\"section-content relative\">\n\t\t\t\n\n<div class=\"row\"  id=\"row-1413214402\">\n\n\n\t<div id=\"col-1398379735\" class=\"col medium-4 small-12 large-4\"  >\n\t\t\t\t<div class=\"col-inner\" style=\"background-color:rgb(248, 248, 248);\" >\n\t\t\t\n\t\t\t\n\n\t<div class=\"box has-hover   has-hover box-text-bottom\" >\n\n\t\t<div class=\"box-image\" >\n\t\t\t\t\t\t<div class=\"\" >\n\t\t\t\t<img loading=\"lazy\" decoding=\"async\" width=\"960\" height=\"960\" src=\"https:\/\/dev.penalex.ch\/wp-content\/uploads\/2022\/04\/DT-Costard.jpg\" class=\"attachment- size-\" alt=\"\" srcset=\"https:\/\/dev.penalex.ch\/wp-content\/uploads\/2022\/04\/DT-Costard.jpg 960w, https:\/\/dev.penalex.ch\/wp-content\/uploads\/2022\/04\/DT-Costard-400x400.jpg 400w, https:\/\/dev.penalex.ch\/wp-content\/uploads\/2022\/04\/DT-Costard-800x800.jpg 800w, https:\/\/dev.penalex.ch\/wp-content\/uploads\/2022\/04\/DT-Costard-280x280.jpg 280w, https:\/\/dev.penalex.ch\/wp-content\/uploads\/2022\/04\/DT-Costard-768x768.jpg 768w, https:\/\/dev.penalex.ch\/wp-content\/uploads\/2022\/04\/DT-Costard-510x510.jpg 510w, https:\/\/dev.penalex.ch\/wp-content\/uploads\/2022\/04\/DT-Costard-100x100.jpg 100w\" sizes=\"auto, (max-width: 960px) 100vw, 960px\" \/>\t\t\t\t\t\t\t\t\t\t\t<\/div>\n\t\t\t\t\t<\/div>\n\n\t\t<div class=\"box-text text-center\" >\n\t\t\t<div class=\"box-text-inner\">\n\t\t\t\t\n\n<h4><strong>Me Daniel Trajilovic<\/strong><br>Specialist lawyer FSA criminal law<\/h4>\n\n\t\t\t<\/div>\n\t\t<\/div>\n\t<\/div>\n\t\n\n  \n    <div class=\"row large-columns-3 medium-columns- small-columns-3 row-small\" >\n  <div class=\"gallery-col col\" >\n          <div class=\"col-inner\">\n            <a class=\"image-lightbox lightbox-gallery\" href=\"https:\/\/dev.penalex.ch\/wp-content\/uploads\/2022\/04\/DT-Robe-800x800.jpg\" title=\"\">            <div class=\"box has-hover gallery-box box-overlay dark\">\n              <div class=\"box-image\" >\n                <img loading=\"lazy\" decoding=\"async\" width=\"400\" height=\"400\" src=\"https:\/\/dev.penalex.ch\/wp-content\/uploads\/2022\/04\/DT-Robe-400x400.jpg\" class=\"attachment-medium size-medium\" alt=\"\" ids=\"14960,14962\" col_spacing=\"small\" columns=\"3\" columns__sm=\"3\" srcset=\"https:\/\/dev.penalex.ch\/wp-content\/uploads\/2022\/04\/DT-Robe-400x400.jpg 400w, https:\/\/dev.penalex.ch\/wp-content\/uploads\/2022\/04\/DT-Robe-800x800.jpg 800w, https:\/\/dev.penalex.ch\/wp-content\/uploads\/2022\/04\/DT-Robe-280x280.jpg 280w, https:\/\/dev.penalex.ch\/wp-content\/uploads\/2022\/04\/DT-Robe-768x768.jpg 768w, https:\/\/dev.penalex.ch\/wp-content\/uploads\/2022\/04\/DT-Robe-510x510.jpg 510w, https:\/\/dev.penalex.ch\/wp-content\/uploads\/2022\/04\/DT-Robe-100x100.jpg 100w, https:\/\/dev.penalex.ch\/wp-content\/uploads\/2022\/04\/DT-Robe.jpg 960w\" sizes=\"auto, (max-width: 400px) 100vw, 400px\" \/>                                  <div class=\"overlay fill\"\n                      style=\"background-color: rgba(0,0,0,.15)\">\n                  <\/div>\n                                                              <\/div>\n              <div class=\"box-text text-left\" >\n                 <p><\/p>\n              <\/div>\n            <\/div>\n            <\/a>          <\/div>\n         <\/div><div class=\"gallery-col col\" >\n          <div class=\"col-inner\">\n            <a class=\"image-lightbox lightbox-gallery\" href=\"https:\/\/dev.penalex.ch\/wp-content\/uploads\/2022\/04\/DT-Costard-800x800.jpg\" title=\"\">            <div class=\"box has-hover gallery-box box-overlay dark\">\n              <div class=\"box-image\" >\n                <img loading=\"lazy\" decoding=\"async\" width=\"400\" height=\"400\" src=\"https:\/\/dev.penalex.ch\/wp-content\/uploads\/2022\/04\/DT-Costard-400x400.jpg\" class=\"attachment-medium size-medium\" alt=\"\" ids=\"14960,14962\" col_spacing=\"small\" columns=\"3\" columns__sm=\"3\" srcset=\"https:\/\/dev.penalex.ch\/wp-content\/uploads\/2022\/04\/DT-Costard-400x400.jpg 400w, https:\/\/dev.penalex.ch\/wp-content\/uploads\/2022\/04\/DT-Costard-800x800.jpg 800w, https:\/\/dev.penalex.ch\/wp-content\/uploads\/2022\/04\/DT-Costard-280x280.jpg 280w, https:\/\/dev.penalex.ch\/wp-content\/uploads\/2022\/04\/DT-Costard-768x768.jpg 768w, https:\/\/dev.penalex.ch\/wp-content\/uploads\/2022\/04\/DT-Costard-510x510.jpg 510w, https:\/\/dev.penalex.ch\/wp-content\/uploads\/2022\/04\/DT-Costard-100x100.jpg 100w, https:\/\/dev.penalex.ch\/wp-content\/uploads\/2022\/04\/DT-Costard.jpg 960w\" sizes=\"auto, (max-width: 400px) 100vw, 400px\" \/>                                  <div class=\"overlay fill\"\n                      style=\"background-color: rgba(0,0,0,.15)\">\n                  <\/div>\n                                                              <\/div>\n              <div class=\"box-text text-left\" >\n                 <p><\/p>\n              <\/div>\n            <\/div>\n            <\/a>          <\/div>\n         <\/div><\/div>\n\n<section class=\"av_textblock_section \">\n<div class=\"avia_textblock \">\n<p><strong>Languages:<\/strong><br>French, English, German, Serbian and Croatian<\/p>\n<\/div>\n<\/section>\n<a href=\"#booking\" class=\"button primary is-small\" style=\"border-radius:99px;\">\n\t\t<span>Make an appointment<\/span>\n\t<\/a>\n\n\n<div class=\"social-icons follow-icons\" ><a href=\"mailto:trajilovic@penalex.ch\" data-label=\"E-mail\" target=\"_blank\" class=\"icon button circle is-outline tooltip email\" title=\"Send us an email\" aria-label=\"Send us an email\" rel=\"nofollow noopener\"><i class=\"icon-envelop\" aria-hidden=\"true\"><\/i><\/a><a href=\"tel:+41219253090\" data-label=\"Phone\" target=\"_blank\" class=\"icon button circle is-outline tooltip phone\" title=\"Call us\" aria-label=\"Call us\" rel=\"nofollow noopener\"><i class=\"icon-phone\" aria-hidden=\"true\"><\/i><\/a><a href=\"https:\/\/www.linkedin.com\/in\/daniel-trajilovic-a2493623\/\" data-label=\"LinkedIn\" target=\"_blank\" class=\"icon button circle is-outline tooltip linkedin\" title=\"Follow on LinkedIn\" aria-label=\"Follow on LinkedIn\" rel=\"noopener nofollow\"><i class=\"icon-linkedin\" aria-hidden=\"true\"><\/i><\/a><\/div>\n\n\n\t\t<\/div>\n\t\t\t\t\n<style>\n#col-1398379735 > .col-inner {\n  padding: 20px 20px 20px 20px;\n}\n<\/style>\n\t<\/div>\n\n\t\n\n\t<div id=\"col-1157616420\" class=\"col medium-8 small-12 large-8\"  >\n\t\t\t\t<div class=\"col-inner\" style=\"background-color:rgb(248, 248, 248);\" >\n\t\t\t\n\t\t\t\n\n<p><strong>Specialist lawyer FSA criminal law<\/strong><\/p>\n<div class=\"accordion\">\n\n\t<div id=\"accordion-2895623522\" class=\"accordion-item\">\n\t\t<a id=\"accordion-2895623522-label\" class=\"accordion-title plain\" href=\"#accordion-item-main-activities\" aria-expanded=\"false\" aria-controls=\"accordion-2895623522-content\">\n\t\t\t<button class=\"toggle\" aria-label=\"Toggle\"><i class=\"icon-angle-down\" aria-hidden=\"true\"><\/i><\/button>\n\t\t\t<span>Main activities<\/span>\n\t\t<\/a>\n\t\t<div id=\"accordion-2895623522-content\" class=\"accordion-inner\" aria-labelledby=\"accordion-2895623522-label\">\n\t\t\t\n\n<ul>\n<li>General criminal law<\/li>\n<li>Economic and business criminal law<\/li>\n<li>Administrative criminal law<\/li>\n<li>International judicial assistance in criminal and administrative matters<\/li>\n<li>Extradition<\/li>\n<li>Civil and commercial litigation<\/li>\n<li>Contract law<\/li>\n<\/ul>\n\n\t\t<\/div>\n\t<\/div>\n\t\n\t<div id=\"accordion-2982539255\" class=\"accordion-item\">\n\t\t<a id=\"accordion-2982539255-label\" class=\"accordion-title plain\" href=\"#accordion-item-training\" aria-expanded=\"false\" aria-controls=\"accordion-2982539255-content\">\n\t\t\t<button class=\"toggle\" aria-label=\"Toggle\"><i class=\"icon-angle-down\" aria-hidden=\"true\"><\/i><\/button>\n\t\t\t<span>Training<\/span>\n\t\t<\/a>\n\t\t<div id=\"accordion-2982539255-content\" class=\"accordion-inner\" aria-labelledby=\"accordion-2982539255-label\">\n\t\t\t\n\n<ul>\n<li><strong>Lawyer Specialist FSA criminal law<\/strong>, Swiss Federation of Lawyers, Bern, 2022<\/li>\n<li><strong>Lawyer&#8217;s certificate<\/strong>, Geneva, 2014<\/li>\n<li><strong>Certificate of Specialization in Law<\/strong>, Geneva, 2012<\/li>\n<li><strong>Master in Law<\/strong>, University of Lausanne, 2011<\/li>\n<li><strong>Bachelor of Law<\/strong>, University of Lausanne, 2009<\/li>\n<\/ul>\n\n\t\t<\/div>\n\t<\/div>\n\t\n\t<div id=\"accordion-1090955152\" class=\"accordion-item\">\n\t\t<a id=\"accordion-1090955152-label\" class=\"accordion-title plain\" href=\"#accordion-item-professional-experience\" aria-expanded=\"false\" aria-controls=\"accordion-1090955152-content\">\n\t\t\t<button class=\"toggle\" aria-label=\"Toggle\"><i class=\"icon-angle-down\" aria-hidden=\"true\"><\/i><\/button>\n\t\t\t<span>Professional experience<\/span>\n\t\t<\/a>\n\t\t<div id=\"accordion-1090955152-content\" class=\"accordion-inner\" aria-labelledby=\"accordion-1090955152-label\">\n\t\t\t\n\n<ul>\n<li><strong>Lawyer at the Bar<\/strong>, Penalex Avocats SA, since 2022<\/li>\n<li><strong>Lawyer<\/strong> in the firm of Resolution Legal Partners, Lausanne, 2014-2021<\/li>\n<li><strong>Internship as a lawyer<\/strong><span style=\"color: #555555;\"> at the law firm Schellenberg Wittmer SA, Geneva, 2012-2014<\/span><\/li>\n<\/ul>\n\n\t\t<\/div>\n\t<\/div>\n\t\n\t<div id=\"accordion-4084145883\" class=\"accordion-item\">\n\t\t<a id=\"accordion-4084145883-label\" class=\"accordion-title plain\" href=\"#accordion-item-academic-activities\" aria-expanded=\"false\" aria-controls=\"accordion-4084145883-content\">\n\t\t\t<button class=\"toggle\" aria-label=\"Toggle\"><i class=\"icon-angle-down\" aria-hidden=\"true\"><\/i><\/button>\n\t\t\t<span>Academic activities<\/span>\n\t\t<\/a>\n\t\t<div id=\"accordion-4084145883-content\" class=\"accordion-inner\" aria-labelledby=\"accordion-4084145883-label\">\n\t\t\t\n\n<ul>\n<li><strong>Lecturer<\/strong> in contract law at Cursus Formation&nbsp;<\/li>\n<\/ul>\n\n\t\t<\/div>\n\t<\/div>\n\t\n\t<div id=\"accordion-3803077963\" class=\"accordion-item\">\n\t\t<a id=\"accordion-3803077963-label\" class=\"accordion-title plain\" href=\"#accordion-item-publications\" aria-expanded=\"false\" aria-controls=\"accordion-3803077963-content\">\n\t\t\t<button class=\"toggle\" aria-label=\"Toggle\"><i class=\"icon-angle-down\" aria-hidden=\"true\"><\/i><\/button>\n\t\t\t<span>Publications<\/span>\n\t\t<\/a>\n\t\t<div id=\"accordion-3803077963-content\" class=\"accordion-inner\" aria-labelledby=\"accordion-3803077963-label\">\n\t\t\t\n\n<ul>\n<li><strong>The joint investigation team: a crime-fighting instrument or a simple privileged channel for the transmission of evidence abroad<\/strong>, with Pascal de Preux, <em>in<\/em>: Revue P\u00e9nale Suisse (RPS), 1\/2021, 90ss.<\/li>\n<li><strong>La notion de tiers touch\u00e9 par un acte de proc\u00e9dure et le droit de r\u00e9pliquer,<\/strong> with Pascal de Preux, <em>in<\/em>: IusNet Strafrecht-Strafprozessrecht, 30.09.2020<\/li>\n<li><strong>Commentary on the rulings 6B_1208\/2018 and 6B_1209\/2018 of August 6, 2019 regarding money laundering in connection with the confiscation of assets from a crime committed abroad<\/strong>, with Pascal de Preux, <em>in<\/em>: IusNet Strafrecht-Strafprozessrecht, 28.08.2019.<\/li>\n<li><strong>The violation of accountability in the context of bank retrocessions and its criminal consequences,<\/strong> with Pascal de Preux, <em>in&nbsp;:<\/em> IusNet Strafrecht-Strafprozessrecht, 21.09.2018.<\/li>\n<li><strong>Blockchain and anti-money laundering, the new paradox?<\/strong> with Pascal de Preux, <em>in<\/em>: Expert Focus, 1-2, 2018, 64ff.<\/li>\n<li><strong>New developments in private corruption<\/strong>, with Pascal de Preux, <em>in<\/em>: Expert Focus 12, 2015, 1026ff.<\/li>\n<\/ul>\n\n\t\t<\/div>\n\t<\/div>\n\t\n\t<div id=\"accordion-3381650247\" class=\"accordion-item\">\n\t\t<a id=\"accordion-3381650247-label\" class=\"accordion-title plain\" href=\"#accordion-item-conferences\" aria-expanded=\"false\" aria-controls=\"accordion-3381650247-content\">\n\t\t\t<button class=\"toggle\" aria-label=\"Toggle\"><i class=\"icon-angle-down\" aria-hidden=\"true\"><\/i><\/button>\n\t\t\t<span>Conferences<\/span>\n\t\t<\/a>\n\t\t<div id=\"accordion-3381650247-content\" class=\"accordion-inner\" aria-labelledby=\"accordion-3381650247-label\">\n\t\t\t\n\n<ul>\n<li><strong>L&#8217;avocat de la 1\u00e8re heure, practical advice<\/strong>, presentation at the Jeune Barreau Vaudois lunch, July 16, 2020<\/li>\n<li><strong>Legal aid<\/strong>, intervention at the Congress of Lawyers organized by the Swiss Federation of Lawyers, June 13, 2019<\/li>\n<\/ul>\n\n\t\t<\/div>\n\t<\/div>\n\t\n\t<div id=\"accordion-4230093729\" class=\"accordion-item\">\n\t\t<a id=\"accordion-4230093729-label\" class=\"accordion-title plain\" href=\"#accordion-item-affiliations\" aria-expanded=\"false\" aria-controls=\"accordion-4230093729-content\">\n\t\t\t<button class=\"toggle\" aria-label=\"Toggle\"><i class=\"icon-angle-down\" aria-hidden=\"true\"><\/i><\/button>\n\t\t\t<span>Affiliations<\/span>\n\t\t<\/a>\n\t\t<div id=\"accordion-4230093729-content\" class=\"accordion-inner\" aria-labelledby=\"accordion-4230093729-label\">\n\t\t\t\n\n<ul>\n<li>Swiss Federation of Lawyers<\/li>\n<li>Forum Junge Anwaltschaft (committee member)<\/li>\n<li>Young Vaudois Bar Association (President of the Young Vaudois Bar Association)<\/li>\n<li>Swiss Society of Criminal Law<\/li>\n<li>European Criminal Bar Association<\/li>\n<li>International Association of Young Lawyers (AIJA)<\/li>\n<li>Swiss-Serbian Chamber of Commerce<\/li>\n<li>Literary Circle of Lausanne<\/li>\n<\/ul>\n\n\t\t<\/div>\n\t<\/div>\n\t\n\n<\/div>\n\n\t\t<\/div>\n\t\t\t\t\n<style>\n#col-1157616420 > .col-inner {\n  padding: 20px 20px 20px 20px;\n}\n<\/style>\n\t<\/div>\n\n\t\n\n<\/div>\n<div class=\"row\"  id=\"row-1205438498\">\n\n\n\t<div id=\"col-1578371483\" class=\"col small-12 large-12\"  >\n\t\t\t\t<div class=\"col-inner\"  >\n\t\t\t\n\t\t\t\n\n<span class=\"scroll-to\" data-label=\"Scroll to: #booking\" data-bullet=\"true\" data-link=\"#booking\" data-title=\"Booking\"><a name=\"booking\"><\/a><\/span>\n\n<h4><strong>Me Daniel Trajilovic<\/strong><br>Specialist lawyer FSA criminal law<\/h4>\n<!--\nPlugin Name: Bookly - Responsive WordPress Appointment Booking and Scheduling Plugin\nPlugin URI: https:\/\/www.booking-wp-plugin.com\/?utm_source=bookly_admin&utm_medium=plugins_page&utm_campaign=plugins_page\nVersion: 27.2-->\n<style type=\"text\/css\">\n    :root {\n        --bookly-main-color: #bd4f5c !important;\n        --bookly-color: #bd4f5c !important;\n    }\n\n    <\/style><div class=\"bookly-css-root\">\n    <div id=\"bookly-form-container-69d1520c40853\" class=\"bookly-form\" data-form_id=\"\" aria-live=\"polite\">\n        <div style=\"text-align: center\"><img decoding=\"async\" src=\"https:\/\/dev.penalex.ch\/wp-includes\/js\/tinymce\/skins\/lightgray\/img\/loader.gif\" alt=\"Loading...\"\/><\/div>\n    <\/div>\n<\/div>\n    <div class=\"powered-by-bookly\">Powered by        <a href=\"https:\/\/www.booking-wp-plugin.com\/?utm_source=referral&utm_medium=booking_widget\" target=\"_blank\">Bookly<\/a> \u2014\n        <a href=\"https:\/\/www.booking-wp-plugin.com\/?utm_source=referral&utm_medium=booking_widget\" target=\"_blank\">WordPress Booking Plugin<\/a>\n    <\/div>\n<script type=\"text\/javascript\">\n    (function (win, fn) {\n        var done = false, top = true,\n            doc = win.document,\n            root = doc.documentElement,\n            modern = doc.addEventListener,\n            add = modern ? 'addEventListener' : 'attachEvent',\n            rem = modern ? 'removeEventListener' : 'detachEvent',\n            pre = modern ? '' : 'on',\n            init = function (e) {\n                if (e.type == 'readystatechange') if (doc.readyState != 'complete') return;\n                (e.type == 'load' ? win : doc)[rem](pre + e.type, init, false);\n                if (!done) {\n                    done = true;\n                    fn.call(win, e.type || e);\n                }\n            },\n            poll = function () {\n                try {\n                    root.doScroll('left');\n                } catch (e) {\n                    setTimeout(poll, 50);\n                    return;\n                }\n                init('poll');\n            };\n        if (doc.readyState == 'complete') fn.call(win, 'lazy');\n        else {\n            if (!modern) if (root.doScroll) {\n                try {\n                    top = !win.frameElement;\n                } catch (e) {\n                }\n                if (top) poll();\n            }\n            doc[add](pre + 'DOMContentLoaded', init, false);\n            doc[add](pre + 'readystatechange', init, false);\n            win[add](pre + 'load', init, false);\n        }\n    })(window, function () {\n        window.bookly( {\"form_id\":\"69d1520c40853\",\"form_data\":{\"skip_service_step\":0,\"hide_service_part1\":0,\"hide_service_part2\":1,\"defaults\":{\"service_id\":0,\"staff_id\":10,\"location_id\":0,\"category_id\":0,\"units\":0,\"date_from\":0,\"time_from\":0,\"time_to\":0}},\"status\":{\"booking\":\"new\"},\"form_token\":null,\"skip_steps\":{\"service_part1\":0,\"service_part2\":1,\"extras\":1,\"time\":0,\"repeat\":1,\"cart\":1},\"errors\":{\"session_error\":\"Session error.\",\"form_id_error\":\"Form ID error.\",\"cart_item_not_available\":\"La case s\\u00e9lectionn\\u00e9e n'est plus disponible. Merci d'en choisir une autre.\",\"pay_locally_not_available\":\"Pay locally is not available.\",\"invalid_gateway\":\"Invalid gateway.\",\"payment_error\":\"Error.\",\"incorrect_username_password\":\"Incorrect username or password.\"},\"form_attributes\":{\"hide_categories\":false,\"hide_services\":false,\"hide_staff_members\":true,\"show_number_of_persons\":false,\"hide_service_duration\":true,\"hide_locations\":true,\"hide_quantity\":true,\"hide_date\":true,\"hide_week_days\":true,\"hide_time_range\":true},\"use_client_time_zone\":1,\"defaults\":{\"service_id\":0,\"staff_id\":10,\"location_id\":0,\"category_id\":0},\"datepicker_mode\":\"text-accent\",\"facebook\":{\"enabled\":0,\"appId\":\"\"}} );\n    });\n<\/script>\n\n\t\t<\/div>\n\t\t\t\t\t<\/div>\n\n\t\n\n\n<style>\n#row-1205438498 > .col > .col-inner {\n  padding: 20px 20px 20px 20px;\n  background-color: rgb(248, 248, 248);\n}\n<\/style>\n<\/div>\n\n\t\t<\/div>\n\n\t\t\n<style>\n#section_1388050746 {\n  padding-top: 30px;\n  padding-bottom: 30px;\n}\n<\/style>\n\t<\/section>\n\t\n\n","protected":false},"excerpt":{"rendered":"","protected":false},"author":13,"featured_media":0,"parent":17008,"menu_order":0,"comment_status":"closed","ping_status":"closed","template":"page-blank.php","meta":{"inline_featured_image":false,"footnotes":""},"class_list":["post-17007","page","type-page","status-publish","hentry"],"_links":{"self":[{"href":"https:\/\/dev.penalex.ch\/en\/wp-json\/wp\/v2\/pages\/17007","targetHints":{"allow":["GET"]}}],"collection":[{"href":"https:\/\/dev.penalex.ch\/en\/wp-json\/wp\/v2\/pages"}],"about":[{"href":"https:\/\/dev.penalex.ch\/en\/wp-json\/wp\/v2\/types\/page"}],"author":[{"embeddable":true,"href":"https:\/\/dev.penalex.ch\/en\/wp-json\/wp\/v2\/users\/13"}],"replies":[{"embeddable":true,"href":"https:\/\/dev.penalex.ch\/en\/wp-json\/wp\/v2\/comments?post=17007"}],"version-history":[{"count":0,"href":"https:\/\/dev.penalex.ch\/en\/wp-json\/wp\/v2\/pages\/17007\/revisions"}],"up":[{"embeddable":true,"href":"https:\/\/dev.penalex.ch\/en\/wp-json\/wp\/v2\/pages\/17008"}],"wp:attachment":[{"href":"https:\/\/dev.penalex.ch\/en\/wp-json\/wp\/v2\/media?parent=17007"}],"curies":[{"name":"wp","href":"https:\/\/api.w.org\/{rel}","templated":true}]}}