{"id":17002,"date":"2021-12-20T01:25:15","date_gmt":"2021-12-20T00:25:15","guid":{"rendered":"https:\/\/dev.penalex.ch\/me-emmeline-filliez-bonnard\/"},"modified":"2023-11-23T12:28:24","modified_gmt":"2023-11-23T11:28:24","slug":"me-emmeline-filliez-bonnard","status":"publish","type":"page","link":"https:\/\/dev.penalex.ch\/en\/team\/me-emmeline-filliez-bonnard\/","title":{"rendered":"Me Emmeline Filliez-Bonnard"},"content":{"rendered":"\n  <div id=\"page-header-1256496982\" class=\"page-header-wrapper\">\n  <div class=\"page-title dark featured-title\">\n\n    \n    <div class=\"page-title-inner container align-center flex-row medium-flex-wrap\" >\n              <div class=\"title-wrapper flex-col text-left medium-text-center\">\n          <h1 class=\"entry-title mb-0\">\n            Me Emmeline Filliez-Bonnard          <\/h1>\n        <\/div>\n                    <div class=\"title-content flex-col flex-right text-right medium-text-center\">\n        <div class=\"title-share pt-half pb-half\"><div class=\"social-icons share-icons share-row relative icon-style-outline\" ><a href=\"whatsapp:\/\/send?text=Me%20Emmeline%20Filliez-Bonnard - https:\/\/dev.penalex.ch\/en\/team\/me-emmeline-filliez-bonnard\/\" data-action=\"share\/whatsapp\/share\" class=\"icon button circle is-outline tooltip whatsapp show-for-medium\" title=\"Share on WhatsApp\" aria-label=\"Share on WhatsApp\"><i class=\"icon-whatsapp\" aria-hidden=\"true\"><\/i><\/a><a href=\"https:\/\/www.facebook.com\/sharer.php?u=https:\/\/dev.penalex.ch\/en\/team\/me-emmeline-filliez-bonnard\/\" data-label=\"Facebook\" onclick=\"window.open(this.href,this.title,'width=500,height=500,top=300px,left=300px'); return false;\" target=\"_blank\" class=\"icon button circle is-outline tooltip facebook\" title=\"Share on Facebook\" aria-label=\"Share on Facebook\" rel=\"noopener nofollow\"><i class=\"icon-facebook\" aria-hidden=\"true\"><\/i><\/a><a href=\"https:\/\/twitter.com\/share?url=https:\/\/dev.penalex.ch\/en\/team\/me-emmeline-filliez-bonnard\/\" onclick=\"window.open(this.href,this.title,'width=500,height=500,top=300px,left=300px'); return false;\" target=\"_blank\" class=\"icon button circle is-outline tooltip twitter\" title=\"Share on Twitter\" aria-label=\"Share on Twitter\" rel=\"noopener nofollow\"><i class=\"icon-twitter\" aria-hidden=\"true\"><\/i><\/a><a href=\"mailto:?subject=Me%20Emmeline%20Filliez-Bonnard&body=Check%20this%20out%3A%20https%3A%2F%2Fdev.penalex.ch%2Fen%2Fteam%2Fme-emmeline-filliez-bonnard%2F\" class=\"icon button circle is-outline tooltip email\" title=\"Email to a Friend\" aria-label=\"Email to a Friend\" rel=\"nofollow\"><i class=\"icon-envelop\" aria-hidden=\"true\"><\/i><\/a><a href=\"https:\/\/www.linkedin.com\/shareArticle?mini=true&url=https:\/\/dev.penalex.ch\/en\/team\/me-emmeline-filliez-bonnard\/&title=Me%20Emmeline%20Filliez-Bonnard\" onclick=\"window.open(this.href,this.title,'width=500,height=500,top=300px,left=300px'); return false;\" target=\"_blank\" class=\"icon button circle is-outline tooltip linkedin\" title=\"Share on LinkedIn\" aria-label=\"Share on LinkedIn\" rel=\"noopener nofollow\"><i class=\"icon-linkedin\" aria-hidden=\"true\"><\/i><\/a><a href=\"https:\/\/telegram.me\/share\/url?url=https:\/\/dev.penalex.ch\/en\/team\/me-emmeline-filliez-bonnard\/\" onclick=\"window.open(this.href,this.title,'width=500,height=500,top=300px,left=300px'); return false;\" target=\"_blank\" class=\"icon button circle is-outline tooltip telegram\" title=\"Share on Telegram\" aria-label=\"Share on Telegram\" rel=\"noopener nofollow\"><i class=\"icon-telegram\" aria-hidden=\"true\"><\/i><\/a><\/div><\/div>      <\/div>\n    <\/div>\n\n       <\/div>\n    <\/div>\n  \n\n\n\t<section class=\"section\" id=\"section_402827531\">\n\t\t<div class=\"section-bg fill\" >\n\t\t\t\t\t\t\t\t\t\n\t\t\t\n\n\t\t<\/div>\n\n\t\t\n\n\t\t<div class=\"section-content relative\">\n\t\t\t\n\n<div class=\"row\"  id=\"row-1595650153\">\n\n\n\t<div id=\"col-1013007710\" class=\"col medium-4 small-12 large-4\"  >\n\t\t\t\t<div class=\"col-inner\" style=\"background-color:rgb(248, 248, 248);\" >\n\t\t\t\n\t\t\t\n\n\t<div class=\"box has-hover   has-hover box-text-bottom\" >\n\n\t\t<div class=\"box-image\" >\n\t\t\t\t\t\t<div class=\"\" >\n\t\t\t\t<img loading=\"lazy\" decoding=\"async\" width=\"2560\" height=\"2560\" src=\"https:\/\/dev.penalex.ch\/wp-content\/uploads\/2020\/08\/Etude_Tirelli_2020-156okcarre-1-scaled.jpg\" class=\"attachment- size-\" alt=\"\" srcset=\"https:\/\/dev.penalex.ch\/wp-content\/uploads\/2020\/08\/Etude_Tirelli_2020-156okcarre-1-scaled.jpg 2560w, https:\/\/dev.penalex.ch\/wp-content\/uploads\/2020\/08\/Etude_Tirelli_2020-156okcarre-1-scaled-100x100.jpg 100w, https:\/\/dev.penalex.ch\/wp-content\/uploads\/2020\/08\/Etude_Tirelli_2020-156okcarre-1-scaled-510x510.jpg 510w, https:\/\/dev.penalex.ch\/wp-content\/uploads\/2020\/08\/Etude_Tirelli_2020-156okcarre-1-300x300.jpg 300w, https:\/\/dev.penalex.ch\/wp-content\/uploads\/2020\/08\/Etude_Tirelli_2020-156okcarre-1-1030x1030.jpg 1030w, https:\/\/dev.penalex.ch\/wp-content\/uploads\/2020\/08\/Etude_Tirelli_2020-156okcarre-1-80x80.jpg 80w, https:\/\/dev.penalex.ch\/wp-content\/uploads\/2020\/08\/Etude_Tirelli_2020-156okcarre-1-768x768.jpg 768w, https:\/\/dev.penalex.ch\/wp-content\/uploads\/2020\/08\/Etude_Tirelli_2020-156okcarre-1-1536x1536.jpg 1536w, https:\/\/dev.penalex.ch\/wp-content\/uploads\/2020\/08\/Etude_Tirelli_2020-156okcarre-1-2048x2048.jpg 2048w, https:\/\/dev.penalex.ch\/wp-content\/uploads\/2020\/08\/Etude_Tirelli_2020-156okcarre-1-36x36.jpg 36w, https:\/\/dev.penalex.ch\/wp-content\/uploads\/2020\/08\/Etude_Tirelli_2020-156okcarre-1-180x180.jpg 180w, https:\/\/dev.penalex.ch\/wp-content\/uploads\/2020\/08\/Etude_Tirelli_2020-156okcarre-1-1500x1500.jpg 1500w, https:\/\/dev.penalex.ch\/wp-content\/uploads\/2020\/08\/Etude_Tirelli_2020-156okcarre-1-705x705.jpg 705w\" sizes=\"auto, (max-width: 2560px) 100vw, 2560px\" \/>\t\t\t\t\t\t\t\t\t\t\t<\/div>\n\t\t\t\t\t<\/div>\n\n\t\t<div class=\"box-text text-center\" >\n\t\t\t<div class=\"box-text-inner\">\n\t\t\t\t\n\n<h5><strong>Me Emmeline Filliez-Bonnard<\/strong><\/h5>\n<h5>Avocate sp\u00e9cialiste FSA en droit p\u00e9nal<\/h5>\n\n\t\t\t<\/div>\n\t\t<\/div>\n\t<\/div>\n\t\n\n  \n    <div class=\"row large-columns-3 medium-columns- small-columns-3 row-small\" >\n  <div class=\"gallery-col col\" >\n          <div class=\"col-inner\">\n            <a class=\"image-lightbox lightbox-gallery\" href=\"https:\/\/dev.penalex.ch\/wp-content\/uploads\/2020\/08\/Etude_Tirelli_2020-170okcarre-1030x1030.jpg\" title=\"\">            <div class=\"box has-hover gallery-box box-overlay dark\">\n              <div class=\"box-image\" >\n                <img loading=\"lazy\" decoding=\"async\" width=\"300\" height=\"300\" src=\"https:\/\/dev.penalex.ch\/wp-content\/uploads\/2020\/08\/Etude_Tirelli_2020-170okcarre-300x300.jpg\" class=\"attachment-medium size-medium\" alt=\"\" ids=\"12191,12190\" col_spacing=\"small\" columns=\"3\" columns__sm=\"3\" srcset=\"https:\/\/dev.penalex.ch\/wp-content\/uploads\/2020\/08\/Etude_Tirelli_2020-170okcarre-300x300.jpg 300w, https:\/\/dev.penalex.ch\/wp-content\/uploads\/2020\/08\/Etude_Tirelli_2020-170okcarre-scaled-100x100.jpg 100w, https:\/\/dev.penalex.ch\/wp-content\/uploads\/2020\/08\/Etude_Tirelli_2020-170okcarre-scaled-510x510.jpg 510w, https:\/\/dev.penalex.ch\/wp-content\/uploads\/2020\/08\/Etude_Tirelli_2020-170okcarre-1030x1030.jpg 1030w, https:\/\/dev.penalex.ch\/wp-content\/uploads\/2020\/08\/Etude_Tirelli_2020-170okcarre-80x80.jpg 80w, https:\/\/dev.penalex.ch\/wp-content\/uploads\/2020\/08\/Etude_Tirelli_2020-170okcarre-768x768.jpg 768w, https:\/\/dev.penalex.ch\/wp-content\/uploads\/2020\/08\/Etude_Tirelli_2020-170okcarre-1536x1536.jpg 1536w, https:\/\/dev.penalex.ch\/wp-content\/uploads\/2020\/08\/Etude_Tirelli_2020-170okcarre-2048x2048.jpg 2048w, https:\/\/dev.penalex.ch\/wp-content\/uploads\/2020\/08\/Etude_Tirelli_2020-170okcarre-36x36.jpg 36w, https:\/\/dev.penalex.ch\/wp-content\/uploads\/2020\/08\/Etude_Tirelli_2020-170okcarre-180x180.jpg 180w, https:\/\/dev.penalex.ch\/wp-content\/uploads\/2020\/08\/Etude_Tirelli_2020-170okcarre-1500x1500.jpg 1500w, https:\/\/dev.penalex.ch\/wp-content\/uploads\/2020\/08\/Etude_Tirelli_2020-170okcarre-705x705.jpg 705w\" sizes=\"auto, (max-width: 300px) 100vw, 300px\" \/>                                  <div class=\"overlay fill\"\n                      style=\"background-color: rgba(0,0,0,.15)\">\n                  <\/div>\n                                                              <\/div>\n              <div class=\"box-text text-left\" >\n                 <p><\/p>\n              <\/div>\n            <\/div>\n            <\/a>          <\/div>\n         <\/div><div class=\"gallery-col col\" >\n          <div class=\"col-inner\">\n            <a class=\"image-lightbox lightbox-gallery\" href=\"https:\/\/dev.penalex.ch\/wp-content\/uploads\/2020\/08\/Etude_Tirelli_2020-156okcarre-1-1030x1030.jpg\" title=\"\">            <div class=\"box has-hover gallery-box box-overlay dark\">\n              <div class=\"box-image\" >\n                <img loading=\"lazy\" decoding=\"async\" width=\"300\" height=\"300\" src=\"https:\/\/dev.penalex.ch\/wp-content\/uploads\/2020\/08\/Etude_Tirelli_2020-156okcarre-1-300x300.jpg\" class=\"attachment-medium size-medium\" alt=\"\" ids=\"12191,12190\" col_spacing=\"small\" columns=\"3\" columns__sm=\"3\" srcset=\"https:\/\/dev.penalex.ch\/wp-content\/uploads\/2020\/08\/Etude_Tirelli_2020-156okcarre-1-300x300.jpg 300w, https:\/\/dev.penalex.ch\/wp-content\/uploads\/2020\/08\/Etude_Tirelli_2020-156okcarre-1-scaled-100x100.jpg 100w, https:\/\/dev.penalex.ch\/wp-content\/uploads\/2020\/08\/Etude_Tirelli_2020-156okcarre-1-scaled-510x510.jpg 510w, https:\/\/dev.penalex.ch\/wp-content\/uploads\/2020\/08\/Etude_Tirelli_2020-156okcarre-1-1030x1030.jpg 1030w, https:\/\/dev.penalex.ch\/wp-content\/uploads\/2020\/08\/Etude_Tirelli_2020-156okcarre-1-80x80.jpg 80w, https:\/\/dev.penalex.ch\/wp-content\/uploads\/2020\/08\/Etude_Tirelli_2020-156okcarre-1-768x768.jpg 768w, https:\/\/dev.penalex.ch\/wp-content\/uploads\/2020\/08\/Etude_Tirelli_2020-156okcarre-1-1536x1536.jpg 1536w, https:\/\/dev.penalex.ch\/wp-content\/uploads\/2020\/08\/Etude_Tirelli_2020-156okcarre-1-2048x2048.jpg 2048w, https:\/\/dev.penalex.ch\/wp-content\/uploads\/2020\/08\/Etude_Tirelli_2020-156okcarre-1-36x36.jpg 36w, https:\/\/dev.penalex.ch\/wp-content\/uploads\/2020\/08\/Etude_Tirelli_2020-156okcarre-1-180x180.jpg 180w, https:\/\/dev.penalex.ch\/wp-content\/uploads\/2020\/08\/Etude_Tirelli_2020-156okcarre-1-1500x1500.jpg 1500w, https:\/\/dev.penalex.ch\/wp-content\/uploads\/2020\/08\/Etude_Tirelli_2020-156okcarre-1-705x705.jpg 705w\" sizes=\"auto, (max-width: 300px) 100vw, 300px\" \/>                                  <div class=\"overlay fill\"\n                      style=\"background-color: rgba(0,0,0,.15)\">\n                  <\/div>\n                                                              <\/div>\n              <div class=\"box-text text-left\" >\n                 <p><\/p>\n              <\/div>\n            <\/div>\n            <\/a>          <\/div>\n         <\/div><\/div>\n\n<section class=\"av_textblock_section \">\n<div class=\"avia_textblock  \">\n<p><strong>Langues:<\/strong><br \/>Fran\u00e7ais, anglais, allemand,&nbsp; italien<\/p>\n<\/div>\n<\/section>\n<a href=\"https:\/\/dev.penalex.ch\/rendez-vous-en-ligne\/reserver-un-entretien-avec-me-emmeline-bonnard\/\" class=\"button primary is-small\" style=\"border-radius:99px;\">\n\t\t<span>Prendre rendez-vous<\/span>\n\t<\/a>\n\n\n<div class=\"social-icons follow-icons\" ><a href=\"mailto:bonnard@penalex.ch\" data-label=\"E-mail\" target=\"_blank\" class=\"icon button circle is-outline tooltip email\" title=\"Send us an email\" aria-label=\"Send us an email\" rel=\"nofollow noopener\"><i class=\"icon-envelop\" aria-hidden=\"true\"><\/i><\/a><a href=\"tel:+41219253090\" data-label=\"Phone\" target=\"_blank\" class=\"icon button circle is-outline tooltip phone\" title=\"Call us\" aria-label=\"Call us\" rel=\"nofollow noopener\"><i class=\"icon-phone\" aria-hidden=\"true\"><\/i><\/a><a href=\"https:\/\/ch.linkedin.com\/in\/emmeline-filliez-bonnard-64818314\" data-label=\"LinkedIn\" target=\"_blank\" class=\"icon button circle is-outline tooltip linkedin\" title=\"Follow on LinkedIn\" aria-label=\"Follow on LinkedIn\" rel=\"noopener nofollow\"><i class=\"icon-linkedin\" aria-hidden=\"true\"><\/i><\/a><\/div>\n\n\n\t\t<\/div>\n\t\t\t\t\n<style>\n#col-1013007710 > .col-inner {\n  padding: 20px 20px 20px 20px;\n}\n<\/style>\n\t<\/div>\n\n\t\n\n\t<div id=\"col-1734836461\" class=\"col medium-8 small-12 large-8\"  >\n\t\t\t\t<div class=\"col-inner\" style=\"background-color:rgb(248, 248, 248);\" >\n\t\t\t\n\t\t\t\n\n<p><strong>Avocate sp\u00e9cialiste FSA en droit p\u00e9nal<\/strong><\/p>\n<p><strong>CAS pour la magistrature p\u00e9nale<\/strong><\/p>\n<div class=\"accordion\">\n\n\t<div id=\"accordion-1870436707\" class=\"accordion-item\">\n\t\t<a id=\"accordion-1870436707-label\" class=\"accordion-title plain active\" href=\"#accordion-item-activit\u00e9s-principales\" aria-expanded=\"true\" aria-controls=\"accordion-1870436707-content\">\n\t\t\t<button class=\"toggle\" aria-label=\"Toggle\"><i class=\"icon-angle-down\" aria-hidden=\"true\"><\/i><\/button>\n\t\t\t<span>Activit\u00e9s principales<\/span>\n\t\t<\/a>\n\t\t<div id=\"accordion-1870436707-content\" class=\"accordion-inner\" style=\"display: block;\" aria-labelledby=\"accordion-1870436707-label\">\n\t\t\t\n\n<ul>\n<li>Droit p\u00e9nal g\u00e9n\u00e9ral<\/li>\n<li>Proc\u00e9dure p\u00e9nale<\/li>\n<li>Droit p\u00e9nal \u00e9conomique<\/li>\n<li>Ex\u00e9cution des peines et des mesures<\/li>\n<li>Extradition<\/li>\n<li>Droit p\u00e9nal administratif<\/li>\n<li>Droit de la famille<\/li>\n<li>Droit des contrats<\/li>\n<\/ul>\n\n\t\t<\/div>\n\t<\/div>\n\t\n\t<div id=\"accordion-1732043301\" class=\"accordion-item\">\n\t\t<a id=\"accordion-1732043301-label\" class=\"accordion-title plain\" href=\"#accordion-item-formation\" aria-expanded=\"false\" aria-controls=\"accordion-1732043301-content\">\n\t\t\t<button class=\"toggle\" aria-label=\"Toggle\"><i class=\"icon-angle-down\" aria-hidden=\"true\"><\/i><\/button>\n\t\t\t<span>Formation<\/span>\n\t\t<\/a>\n\t\t<div id=\"accordion-1732043301-content\" class=\"accordion-inner\" aria-labelledby=\"accordion-1732043301-label\">\n\t\t\t\n\n<ul>\n<li><strong>Avocate sp\u00e9cialiste FSA droit p\u00e9nal,<\/strong> F\u00e9d\u00e9ration suisse des avocats, Berne, 2019<\/li>\n<li><strong>CAS pour la magistrature p\u00e9nale<\/strong>, Haute \u00c9cole sp\u00e9cialis\u00e9e de Suisse occidentale (HES-SO), Del\u00e9mont \/ Neuch\u00e2tel, 2012<\/li>\n<li><strong>Brevet d\u2019avocate<\/strong>, Lausanne, 2011<\/li>\n<li><strong>Licence en droit<\/strong>, Universit\u00e9 de Lausanne, 2006<\/li>\n<\/ul>\n\n\t\t<\/div>\n\t<\/div>\n\t\n\t<div id=\"accordion-3650582908\" class=\"accordion-item\">\n\t\t<a id=\"accordion-3650582908-label\" class=\"accordion-title plain\" href=\"#accordion-item-exp\u00e9riences-professionnelles\" aria-expanded=\"false\" aria-controls=\"accordion-3650582908-content\">\n\t\t\t<button class=\"toggle\" aria-label=\"Toggle\"><i class=\"icon-angle-down\" aria-hidden=\"true\"><\/i><\/button>\n\t\t\t<span>Exp\u00e9riences professionnelles<\/span>\n\t\t<\/a>\n\t\t<div id=\"accordion-3650582908-content\" class=\"accordion-inner\" aria-labelledby=\"accordion-3650582908-label\">\n\t\t\t\n\n<ul>\n<li><strong>Associ\u00e9e fondatrice<\/strong>, Penalex Avocats SA, depuis 2020<\/li>\n<li><strong>Avocate collaboratrice et avocate ind\u00e9pendante<\/strong> en l\u2019\u00e9tude Bonnard Lawson, 2014-2020<\/li>\n<li><strong>Greffi\u00e8re<\/strong> aupr\u00e8s de la Cour d\u2019appel p\u00e9nale et de la Chambre des recours en mati\u00e8re p\u00e9nale du Tribunal cantonal du canton de Vaud, 2011-2014<\/li>\n<li><strong>Avocate-stagiaire<\/strong> en l\u2019\u00e9tude Bonnard Lawson, 2009-2011<\/li>\n<li><strong>Juriste fiscaliste<\/strong> chez Deloitte SA, 2007-2009<\/li>\n<\/ul>\n\n\t\t<\/div>\n\t<\/div>\n\t\n\t<div id=\"accordion-1244465667\" class=\"accordion-item\">\n\t\t<a id=\"accordion-1244465667-label\" class=\"accordion-title plain\" href=\"#accordion-item-publications\" aria-expanded=\"false\" aria-controls=\"accordion-1244465667-content\">\n\t\t\t<button class=\"toggle\" aria-label=\"Toggle\"><i class=\"icon-angle-down\" aria-hidden=\"true\"><\/i><\/button>\n\t\t\t<span>Publications<\/span>\n\t\t<\/a>\n\t\t<div id=\"accordion-1244465667-content\" class=\"accordion-inner\" aria-labelledby=\"accordion-1244465667-label\">\n\t\t\t\n\n<ul>\n<li><strong>Commentaire de l&#8217;Arr\u00eat de la Cour europ\u00e9enne des droits de l\u2019homme, (Troisi\u00e8me section) du 19 janvier 2021 dans la cause Lacatus contre Suisse<\/strong> \u2013 Requ\u00eate no 14065\/15, <em>in<\/em> Forumpoenale 3\/2022 p. 185.<\/li>\n<li><strong>Nemo tenetur se ipsum accusare : quelle effectivit\u00e9 \u00e0 l\u2019heure des nouvelles technologies de l\u2019information et de la communication ?<\/strong> L\u2019exemple de la reconnaissance faciale, avec Ludovic Tirelli, <em>in<\/em> Criminalit\u00e9 \u00e9conomique et Cybercriminalit\u00e9 : M\u00e9langes en l\u2019honneur de la professeure Isabelle Augsburger-Bucheli, Helbing Lichtenhahn, B\u00e2le 2021<\/li>\n<li><strong>Les r\u00e9trocessions sous l\u2019angle de la corruption priv\u00e9e<\/strong>, Emmeline Bonnard\/Miriam Mazou, <em>in<\/em> AJP\/PJA 2019, pp. 423 \u00e0 431<\/li>\n<li><strong>Les obligations de l\u2019avocat en mati\u00e8re de r\u00e9trocessions<\/strong>, Emmeline Bonnard\/Miriam Mazou, <em>in<\/em> Plaidoyer 2\/2019, pp. 34 \u00e0 37<\/li>\n<li><strong>Les degr\u00e9s de r\u00e9alisation de l\u2019infraction dans la nouvelle partie g\u00e9n\u00e9rale du Code p\u00e9nal<\/strong>,\u00a0<em>in\u00a0<\/em>La nouvelle partie g\u00e9n\u00e9rale du Code p\u00e9nal, Berne 2006<\/li>\n<\/ul>\n\n\t\t<\/div>\n\t<\/div>\n\t\n\t<div id=\"accordion-1504456532\" class=\"accordion-item\">\n\t\t<a id=\"accordion-1504456532-label\" class=\"accordion-title plain\" href=\"#accordion-item-activit\u00e9s-acad\u00e9miques\" aria-expanded=\"false\" aria-controls=\"accordion-1504456532-content\">\n\t\t\t<button class=\"toggle\" aria-label=\"Toggle\"><i class=\"icon-angle-down\" aria-hidden=\"true\"><\/i><\/button>\n\t\t\t<span>Activit\u00e9s acad\u00e9miques<\/span>\n\t\t<\/a>\n\t\t<div id=\"accordion-1504456532-content\" class=\"accordion-inner\" aria-labelledby=\"accordion-1504456532-label\">\n\t\t\t\n\n<ul>\n<li><strong>Charg\u00e9e de cours pour l\u2019enseignement du module jurisprudence en mati\u00e8re de droit p\u00e9nal \u00e9conomique<\/strong> aupr\u00e8s de la Haute \u00e9cole de Gestion de Neuch\u00e2tel (HE-ARC), depuis 2020<\/li>\n<\/ul>\n\n\t\t<\/div>\n\t<\/div>\n\t\n\t<div id=\"accordion-2354678122\" class=\"accordion-item\">\n\t\t<a id=\"accordion-2354678122-label\" class=\"accordion-title plain\" href=\"#accordion-item-conf\u00e9rences\" aria-expanded=\"false\" aria-controls=\"accordion-2354678122-content\">\n\t\t\t<button class=\"toggle\" aria-label=\"Toggle\"><i class=\"icon-angle-down\" aria-hidden=\"true\"><\/i><\/button>\n\t\t\t<span>Conf\u00e9rences<\/span>\n\t\t<\/a>\n\t\t<div id=\"accordion-2354678122-content\" class=\"accordion-inner\" aria-labelledby=\"accordion-2354678122-label\">\n\t\t\t\n\n<ul>\n<li><strong>Le point sur la partie g\u00e9n\u00e9rale du code p\u00e9nal<\/strong>, intervention lors du s\u00e9minaire \u00ab Questions choisies en droit p\u00e9nal et administratif \u00bb, s\u00e9minaire de formation continue de l\u2019Ordre des avocats vaudois (OAV), Universit\u00e9 de Lausanne, 3 f\u00e9vrier 2023.<\/li>\n<li><strong>Trucs et astuces de l&#8217;avocat p\u00e9naliste<\/strong>, avec Me Ludovic Tirelli, intervention dans le cadre de la Formation d&#8217;avocat sp\u00e9cialiste FSA en droit p\u00e9nal 2021\/2022, 1er avril 2022<\/li>\n<li><strong>Droit \u00e0 l&#8217;assistance d&#8217;un conseil juridique<\/strong>, intervention dans le cadre de la Formation d&#8217;avocat sp\u00e9cialiste FSA en droit p\u00e9nal 2021\/2022, 4 d\u00e9cembre 2021<\/li>\n<\/ul>\n\n\t\t<\/div>\n\t<\/div>\n\t\n\t<div id=\"accordion-2533064574\" class=\"accordion-item\">\n\t\t<a id=\"accordion-2533064574-label\" class=\"accordion-title plain\" href=\"#accordion-item-affiliations\" aria-expanded=\"false\" aria-controls=\"accordion-2533064574-content\">\n\t\t\t<button class=\"toggle\" aria-label=\"Toggle\"><i class=\"icon-angle-down\" aria-hidden=\"true\"><\/i><\/button>\n\t\t\t<span>Affiliations<\/span>\n\t\t<\/a>\n\t\t<div id=\"accordion-2533064574-content\" class=\"accordion-inner\" aria-labelledby=\"accordion-2533064574-label\">\n\t\t\t\n\n<ul>\n<li>Ordre des avocats vaudois<\/li>\n<li>F\u00e9d\u00e9ration suisse des avocats<\/li>\n<li>Soci\u00e9t\u00e9 suisse de droit p\u00e9nal<\/li>\n<li>Soci\u00e9t\u00e9 suisse de droit p\u00e9nal des mineurs<\/li>\n<li>Association romande des sp\u00e9cialistes en droit p\u00e9nal (Pr\u00e9sidente)<\/li>\n<\/ul>\n\n\t\t<\/div>\n\t<\/div>\n\t\n\n<\/div>\n\n\t\t<\/div>\n\t\t\t\t\n<style>\n#col-1734836461 > .col-inner {\n  padding: 20px 20px 20px 20px;\n}\n<\/style>\n\t<\/div>\n\n\t\n\n<\/div>\n<div class=\"row\"  id=\"row-1339532983\">\n\n\n\t<div id=\"col-433640448\" class=\"col small-12 large-12\"  >\n\t\t\t\t<div class=\"col-inner\"  >\n\t\t\t\n\t\t\t\n\n<span class=\"scroll-to\" data-label=\"Scroll to: #booking\" data-bullet=\"true\" data-link=\"#booking\" data-title=\"Booking\"><a name=\"booking\"><\/a><\/span>\n\n<h4><strong>Me Emmeline Filliez-Bonnard<\/strong><br \/>Avocate sp\u00e9cialiste FSA en droit p\u00e9nal<\/h4>\n<!--\nPlugin Name: Bookly - Responsive WordPress Appointment Booking and Scheduling Plugin\nPlugin URI: https:\/\/www.booking-wp-plugin.com\/?utm_source=bookly_admin&utm_medium=plugins_page&utm_campaign=plugins_page\nVersion: 27.2-->\n<style type=\"text\/css\">\n    :root {\n        --bookly-main-color: #bd4f5c !important;\n        --bookly-color: #bd4f5c !important;\n    }\n\n    <\/style><div class=\"bookly-css-root\">\n    <div id=\"bookly-form-container-69d1572d43da6\" class=\"bookly-form\" data-form_id=\"\" aria-live=\"polite\">\n        <div style=\"text-align: center\"><img decoding=\"async\" src=\"https:\/\/dev.penalex.ch\/wp-includes\/js\/tinymce\/skins\/lightgray\/img\/loader.gif\" alt=\"Loading...\"\/><\/div>\n    <\/div>\n<\/div>\n    <div class=\"powered-by-bookly\">Powered by        <a href=\"https:\/\/www.booking-wp-plugin.com\/?utm_source=referral&utm_medium=booking_widget\" target=\"_blank\">Bookly<\/a> \u2014\n        <a href=\"https:\/\/www.booking-wp-plugin.com\/?utm_source=referral&utm_medium=booking_widget\" target=\"_blank\">WordPress Booking Plugin<\/a>\n    <\/div>\n<script type=\"text\/javascript\">\n    (function (win, fn) {\n        var done = false, top = true,\n            doc = win.document,\n            root = doc.documentElement,\n            modern = doc.addEventListener,\n            add = modern ? 'addEventListener' : 'attachEvent',\n            rem = modern ? 'removeEventListener' : 'detachEvent',\n            pre = modern ? '' : 'on',\n            init = function (e) {\n                if (e.type == 'readystatechange') if (doc.readyState != 'complete') return;\n                (e.type == 'load' ? win : doc)[rem](pre + e.type, init, false);\n                if (!done) {\n                    done = true;\n                    fn.call(win, e.type || e);\n                }\n            },\n            poll = function () {\n                try {\n                    root.doScroll('left');\n                } catch (e) {\n                    setTimeout(poll, 50);\n                    return;\n                }\n                init('poll');\n            };\n        if (doc.readyState == 'complete') fn.call(win, 'lazy');\n        else {\n            if (!modern) if (root.doScroll) {\n                try {\n                    top = !win.frameElement;\n                } catch (e) {\n                }\n                if (top) poll();\n            }\n            doc[add](pre + 'DOMContentLoaded', init, false);\n            doc[add](pre + 'readystatechange', init, false);\n            win[add](pre + 'load', init, false);\n        }\n    })(window, function () {\n        window.bookly( {\"form_id\":\"69d1572d43da6\",\"form_data\":{\"skip_service_step\":0,\"hide_service_part1\":0,\"hide_service_part2\":1,\"defaults\":{\"service_id\":0,\"staff_id\":9,\"location_id\":0,\"category_id\":0,\"units\":0,\"date_from\":0,\"time_from\":0,\"time_to\":0}},\"status\":{\"booking\":\"new\"},\"form_token\":null,\"skip_steps\":{\"service_part1\":0,\"service_part2\":1,\"extras\":1,\"time\":0,\"repeat\":1,\"cart\":1},\"errors\":{\"session_error\":\"Session error.\",\"form_id_error\":\"Form ID error.\",\"cart_item_not_available\":\"La case s\\u00e9lectionn\\u00e9e n'est plus disponible. Merci d'en choisir une autre.\",\"pay_locally_not_available\":\"Pay locally is not available.\",\"invalid_gateway\":\"Invalid gateway.\",\"payment_error\":\"Error.\",\"incorrect_username_password\":\"Incorrect username or password.\"},\"form_attributes\":{\"hide_categories\":false,\"hide_services\":false,\"hide_staff_members\":true,\"show_number_of_persons\":false,\"hide_service_duration\":true,\"hide_locations\":true,\"hide_quantity\":true,\"hide_date\":true,\"hide_week_days\":true,\"hide_time_range\":true},\"use_client_time_zone\":1,\"defaults\":{\"service_id\":0,\"staff_id\":9,\"location_id\":0,\"category_id\":0},\"datepicker_mode\":\"text-accent\",\"facebook\":{\"enabled\":0,\"appId\":\"\"}} );\n    });\n<\/script>\n\n\t\t<\/div>\n\t\t\t\t\t<\/div>\n\n\t\n\n\n<style>\n#row-1339532983 > .col > .col-inner {\n  padding: 20px 20px 20px 20px;\n  background-color: rgb(248, 248, 248);\n}\n<\/style>\n<\/div>\n\n\t\t<\/div>\n\n\t\t\n<style>\n#section_402827531 {\n  padding-top: 30px;\n  padding-bottom: 30px;\n}\n<\/style>\n\t<\/section>\n\t\n\n","protected":false},"excerpt":{"rendered":"","protected":false},"author":13,"featured_media":0,"parent":17008,"menu_order":0,"comment_status":"closed","ping_status":"closed","template":"page-blank.php","meta":{"inline_featured_image":false,"footnotes":""},"class_list":["post-17002","page","type-page","status-publish","hentry"],"_links":{"self":[{"href":"https:\/\/dev.penalex.ch\/en\/wp-json\/wp\/v2\/pages\/17002","targetHints":{"allow":["GET"]}}],"collection":[{"href":"https:\/\/dev.penalex.ch\/en\/wp-json\/wp\/v2\/pages"}],"about":[{"href":"https:\/\/dev.penalex.ch\/en\/wp-json\/wp\/v2\/types\/page"}],"author":[{"embeddable":true,"href":"https:\/\/dev.penalex.ch\/en\/wp-json\/wp\/v2\/users\/13"}],"replies":[{"embeddable":true,"href":"https:\/\/dev.penalex.ch\/en\/wp-json\/wp\/v2\/comments?post=17002"}],"version-history":[{"count":0,"href":"https:\/\/dev.penalex.ch\/en\/wp-json\/wp\/v2\/pages\/17002\/revisions"}],"up":[{"embeddable":true,"href":"https:\/\/dev.penalex.ch\/en\/wp-json\/wp\/v2\/pages\/17008"}],"wp:attachment":[{"href":"https:\/\/dev.penalex.ch\/en\/wp-json\/wp\/v2\/media?parent=17002"}],"curies":[{"name":"wp","href":"https:\/\/api.w.org\/{rel}","templated":true}]}}