{"id":16998,"date":"2021-12-21T02:03:44","date_gmt":"2021-12-21T01:03:44","guid":{"rendered":"https:\/\/dev.penalex.ch\/mr-arnaud-vautier\/"},"modified":"2023-05-10T20:10:58","modified_gmt":"2023-05-10T18:10:58","slug":"mr-arnaud-vautier","status":"publish","type":"page","link":"https:\/\/dev.penalex.ch\/en\/team\/mr-arnaud-vautier\/","title":{"rendered":"Mr. Arnaud Vautier"},"content":{"rendered":"\n  <div id=\"page-header-1071283756\" class=\"page-header-wrapper\">\n  <div class=\"page-title dark featured-title\">\n\n    \n    <div class=\"page-title-inner container align-center flex-row medium-flex-wrap\" >\n              <div class=\"title-wrapper flex-col text-left medium-text-center\">\n          <h1 class=\"entry-title mb-0\">\n            Mr. Arnaud Vautier          <\/h1>\n        <\/div>\n                    <div class=\"title-content flex-col flex-right text-right medium-text-center\">\n        <div class=\"title-share pt-half pb-half\"><div class=\"social-icons share-icons share-row relative icon-style-outline\" ><a href=\"whatsapp:\/\/send?text=Mr.%20Arnaud%20Vautier - https:\/\/dev.penalex.ch\/en\/team\/mr-arnaud-vautier\/\" data-action=\"share\/whatsapp\/share\" class=\"icon button circle is-outline tooltip whatsapp show-for-medium\" title=\"Share on WhatsApp\" aria-label=\"Share on WhatsApp\"><i class=\"icon-whatsapp\" aria-hidden=\"true\"><\/i><\/a><a href=\"https:\/\/www.facebook.com\/sharer.php?u=https:\/\/dev.penalex.ch\/en\/team\/mr-arnaud-vautier\/\" data-label=\"Facebook\" onclick=\"window.open(this.href,this.title,'width=500,height=500,top=300px,left=300px'); return false;\" target=\"_blank\" class=\"icon button circle is-outline tooltip facebook\" title=\"Share on Facebook\" aria-label=\"Share on Facebook\" rel=\"noopener nofollow\"><i class=\"icon-facebook\" aria-hidden=\"true\"><\/i><\/a><a href=\"https:\/\/twitter.com\/share?url=https:\/\/dev.penalex.ch\/en\/team\/mr-arnaud-vautier\/\" onclick=\"window.open(this.href,this.title,'width=500,height=500,top=300px,left=300px'); return false;\" target=\"_blank\" class=\"icon button circle is-outline tooltip twitter\" title=\"Share on Twitter\" aria-label=\"Share on Twitter\" rel=\"noopener nofollow\"><i class=\"icon-twitter\" aria-hidden=\"true\"><\/i><\/a><a href=\"mailto:?subject=Mr.%20Arnaud%20Vautier&body=Check%20this%20out%3A%20https%3A%2F%2Fdev.penalex.ch%2Fen%2Fteam%2Fmr-arnaud-vautier%2F\" class=\"icon button circle is-outline tooltip email\" title=\"Email to a Friend\" aria-label=\"Email to a Friend\" rel=\"nofollow\"><i class=\"icon-envelop\" aria-hidden=\"true\"><\/i><\/a><a href=\"https:\/\/www.linkedin.com\/shareArticle?mini=true&url=https:\/\/dev.penalex.ch\/en\/team\/mr-arnaud-vautier\/&title=Mr.%20Arnaud%20Vautier\" onclick=\"window.open(this.href,this.title,'width=500,height=500,top=300px,left=300px'); return false;\" target=\"_blank\" class=\"icon button circle is-outline tooltip linkedin\" title=\"Share on LinkedIn\" aria-label=\"Share on LinkedIn\" rel=\"noopener nofollow\"><i class=\"icon-linkedin\" aria-hidden=\"true\"><\/i><\/a><a href=\"https:\/\/telegram.me\/share\/url?url=https:\/\/dev.penalex.ch\/en\/team\/mr-arnaud-vautier\/\" onclick=\"window.open(this.href,this.title,'width=500,height=500,top=300px,left=300px'); return false;\" target=\"_blank\" class=\"icon button circle is-outline tooltip telegram\" title=\"Share on Telegram\" aria-label=\"Share on Telegram\" rel=\"noopener nofollow\"><i class=\"icon-telegram\" aria-hidden=\"true\"><\/i><\/a><\/div><\/div>      <\/div>\n    <\/div>\n\n       <\/div>\n    <\/div>\n  \n\n\n\t<section class=\"section\" id=\"section_452188595\">\n\t\t<div class=\"section-bg fill\" >\n\t\t\t\t\t\t\t\t\t\n\t\t\t\n\n\t\t<\/div>\n\n\t\t\n\n\t\t<div class=\"section-content relative\">\n\t\t\t\n\n<div class=\"row\"  id=\"row-1676971140\">\n\n\n\t<div id=\"col-1039800540\" class=\"col medium-4 small-12 large-4\"  >\n\t\t\t\t<div class=\"col-inner\" style=\"background-color:rgb(248, 248, 248);\" >\n\t\t\t\n\t\t\t\n\n\t<div class=\"box has-hover   has-hover box-text-bottom\" >\n\n\t\t<div class=\"box-image\" >\n\t\t\t\t\t\t<div class=\"\" >\n\t\t\t\t<img loading=\"lazy\" decoding=\"async\" width=\"2560\" height=\"2560\" src=\"https:\/\/dev.penalex.ch\/wp-content\/uploads\/2020\/01\/Penalex-sp\u00e9cialistes-en-droit-p\u00e9nal-Arnaud-Vautier-criminaliste-expert-en-criminalit\u00e9-\u00e9conomique.1-scaled.jpg\" class=\"attachment- size-\" alt=\"\" srcset=\"https:\/\/dev.penalex.ch\/wp-content\/uploads\/2020\/01\/Penalex-sp\u00e9cialistes-en-droit-p\u00e9nal-Arnaud-Vautier-criminaliste-expert-en-criminalit\u00e9-\u00e9conomique.1-scaled.jpg 2560w, https:\/\/dev.penalex.ch\/wp-content\/uploads\/2020\/01\/Penalex-sp\u00e9cialistes-en-droit-p\u00e9nal-Arnaud-Vautier-criminaliste-expert-en-criminalit\u00e9-\u00e9conomique.1-scaled-100x100.jpg 100w, https:\/\/dev.penalex.ch\/wp-content\/uploads\/2020\/01\/Penalex-sp\u00e9cialistes-en-droit-p\u00e9nal-Arnaud-Vautier-criminaliste-expert-en-criminalit\u00e9-\u00e9conomique.1-scaled-510x510.jpg 510w, https:\/\/dev.penalex.ch\/wp-content\/uploads\/2020\/01\/Penalex-sp\u00e9cialistes-en-droit-p\u00e9nal-Arnaud-Vautier-criminaliste-expert-en-criminalit\u00e9-\u00e9conomique.1-300x300.jpg 300w, https:\/\/dev.penalex.ch\/wp-content\/uploads\/2020\/01\/Penalex-sp\u00e9cialistes-en-droit-p\u00e9nal-Arnaud-Vautier-criminaliste-expert-en-criminalit\u00e9-\u00e9conomique.1-1030x1030.jpg 1030w, https:\/\/dev.penalex.ch\/wp-content\/uploads\/2020\/01\/Penalex-sp\u00e9cialistes-en-droit-p\u00e9nal-Arnaud-Vautier-criminaliste-expert-en-criminalit\u00e9-\u00e9conomique.1-80x80.jpg 80w, https:\/\/dev.penalex.ch\/wp-content\/uploads\/2020\/01\/Penalex-sp\u00e9cialistes-en-droit-p\u00e9nal-Arnaud-Vautier-criminaliste-expert-en-criminalit\u00e9-\u00e9conomique.1-768x768.jpg 768w, https:\/\/dev.penalex.ch\/wp-content\/uploads\/2020\/01\/Penalex-sp\u00e9cialistes-en-droit-p\u00e9nal-Arnaud-Vautier-criminaliste-expert-en-criminalit\u00e9-\u00e9conomique.1-50x50.jpg 50w, https:\/\/dev.penalex.ch\/wp-content\/uploads\/2020\/01\/Penalex-sp\u00e9cialistes-en-droit-p\u00e9nal-Arnaud-Vautier-criminaliste-expert-en-criminalit\u00e9-\u00e9conomique.1-1536x1536.jpg 1536w, https:\/\/dev.penalex.ch\/wp-content\/uploads\/2020\/01\/Penalex-sp\u00e9cialistes-en-droit-p\u00e9nal-Arnaud-Vautier-criminaliste-expert-en-criminalit\u00e9-\u00e9conomique.1-2048x2048.jpg 2048w, https:\/\/dev.penalex.ch\/wp-content\/uploads\/2020\/01\/Penalex-sp\u00e9cialistes-en-droit-p\u00e9nal-Arnaud-Vautier-criminaliste-expert-en-criminalit\u00e9-\u00e9conomique.1-36x36.jpg 36w, https:\/\/dev.penalex.ch\/wp-content\/uploads\/2020\/01\/Penalex-sp\u00e9cialistes-en-droit-p\u00e9nal-Arnaud-Vautier-criminaliste-expert-en-criminalit\u00e9-\u00e9conomique.1-180x180.jpg 180w, https:\/\/dev.penalex.ch\/wp-content\/uploads\/2020\/01\/Penalex-sp\u00e9cialistes-en-droit-p\u00e9nal-Arnaud-Vautier-criminaliste-expert-en-criminalit\u00e9-\u00e9conomique.1-1500x1500.jpg 1500w, https:\/\/dev.penalex.ch\/wp-content\/uploads\/2020\/01\/Penalex-sp\u00e9cialistes-en-droit-p\u00e9nal-Arnaud-Vautier-criminaliste-expert-en-criminalit\u00e9-\u00e9conomique.1-705x705.jpg 705w\" sizes=\"auto, (max-width: 2560px) 100vw, 2560px\" \/>\t\t\t\t\t\t\t\t\t\t\t<\/div>\n\t\t\t\t\t<\/div>\n\n\t\t<div class=\"box-text text-center\" >\n\t\t\t<div class=\"box-text-inner\">\n\t\t\t\t\n\n<h4><strong>Mr. Arnaud Vautier<\/strong><br>Criminalist<\/h4>\n\n\t\t\t<\/div>\n\t\t<\/div>\n\t<\/div>\n\t\n\n  \n    <div class=\"row large-columns-3 medium-columns- small-columns-3 row-small\" >\n  <div class=\"gallery-col col\" >\n          <div class=\"col-inner\">\n            <a class=\"image-lightbox lightbox-gallery\" href=\"https:\/\/dev.penalex.ch\/wp-content\/uploads\/2020\/01\/Penalex-sp\u00e9cialistes-en-droit-p\u00e9nal-Arnaud-Vautier-criminaliste-expert-en-criminalit\u00e9-\u00e9conomique.2-1030x1030.jpg\" title=\"\">            <div class=\"box has-hover gallery-box box-overlay dark\">\n              <div class=\"box-image\" >\n                <img loading=\"lazy\" decoding=\"async\" width=\"300\" height=\"300\" src=\"https:\/\/dev.penalex.ch\/wp-content\/uploads\/2020\/01\/Penalex-sp\u00e9cialistes-en-droit-p\u00e9nal-Arnaud-Vautier-criminaliste-expert-en-criminalit\u00e9-\u00e9conomique.2-300x300.jpg\" class=\"attachment-medium size-medium\" alt=\"\" ids=\"11276,11275\" col_spacing=\"small\" columns=\"3\" columns__sm=\"3\" srcset=\"https:\/\/dev.penalex.ch\/wp-content\/uploads\/2020\/01\/Penalex-sp\u00e9cialistes-en-droit-p\u00e9nal-Arnaud-Vautier-criminaliste-expert-en-criminalit\u00e9-\u00e9conomique.2-300x300.jpg 300w, https:\/\/dev.penalex.ch\/wp-content\/uploads\/2020\/01\/Penalex-sp\u00e9cialistes-en-droit-p\u00e9nal-Arnaud-Vautier-criminaliste-expert-en-criminalit\u00e9-\u00e9conomique.2-scaled-100x100.jpg 100w, https:\/\/dev.penalex.ch\/wp-content\/uploads\/2020\/01\/Penalex-sp\u00e9cialistes-en-droit-p\u00e9nal-Arnaud-Vautier-criminaliste-expert-en-criminalit\u00e9-\u00e9conomique.2-scaled-510x510.jpg 510w, https:\/\/dev.penalex.ch\/wp-content\/uploads\/2020\/01\/Penalex-sp\u00e9cialistes-en-droit-p\u00e9nal-Arnaud-Vautier-criminaliste-expert-en-criminalit\u00e9-\u00e9conomique.2-1030x1030.jpg 1030w, https:\/\/dev.penalex.ch\/wp-content\/uploads\/2020\/01\/Penalex-sp\u00e9cialistes-en-droit-p\u00e9nal-Arnaud-Vautier-criminaliste-expert-en-criminalit\u00e9-\u00e9conomique.2-80x80.jpg 80w, https:\/\/dev.penalex.ch\/wp-content\/uploads\/2020\/01\/Penalex-sp\u00e9cialistes-en-droit-p\u00e9nal-Arnaud-Vautier-criminaliste-expert-en-criminalit\u00e9-\u00e9conomique.2-768x768.jpg 768w, https:\/\/dev.penalex.ch\/wp-content\/uploads\/2020\/01\/Penalex-sp\u00e9cialistes-en-droit-p\u00e9nal-Arnaud-Vautier-criminaliste-expert-en-criminalit\u00e9-\u00e9conomique.2-50x50.jpg 50w, https:\/\/dev.penalex.ch\/wp-content\/uploads\/2020\/01\/Penalex-sp\u00e9cialistes-en-droit-p\u00e9nal-Arnaud-Vautier-criminaliste-expert-en-criminalit\u00e9-\u00e9conomique.2-1536x1536.jpg 1536w, https:\/\/dev.penalex.ch\/wp-content\/uploads\/2020\/01\/Penalex-sp\u00e9cialistes-en-droit-p\u00e9nal-Arnaud-Vautier-criminaliste-expert-en-criminalit\u00e9-\u00e9conomique.2-2048x2048.jpg 2048w, https:\/\/dev.penalex.ch\/wp-content\/uploads\/2020\/01\/Penalex-sp\u00e9cialistes-en-droit-p\u00e9nal-Arnaud-Vautier-criminaliste-expert-en-criminalit\u00e9-\u00e9conomique.2-36x36.jpg 36w, https:\/\/dev.penalex.ch\/wp-content\/uploads\/2020\/01\/Penalex-sp\u00e9cialistes-en-droit-p\u00e9nal-Arnaud-Vautier-criminaliste-expert-en-criminalit\u00e9-\u00e9conomique.2-180x180.jpg 180w, https:\/\/dev.penalex.ch\/wp-content\/uploads\/2020\/01\/Penalex-sp\u00e9cialistes-en-droit-p\u00e9nal-Arnaud-Vautier-criminaliste-expert-en-criminalit\u00e9-\u00e9conomique.2-1500x1500.jpg 1500w, https:\/\/dev.penalex.ch\/wp-content\/uploads\/2020\/01\/Penalex-sp\u00e9cialistes-en-droit-p\u00e9nal-Arnaud-Vautier-criminaliste-expert-en-criminalit\u00e9-\u00e9conomique.2-705x705.jpg 705w\" sizes=\"auto, (max-width: 300px) 100vw, 300px\" \/>                                  <div class=\"overlay fill\"\n                      style=\"background-color: rgba(0,0,0,.15)\">\n                  <\/div>\n                                                              <\/div>\n              <div class=\"box-text text-left\" >\n                 <p><\/p>\n              <\/div>\n            <\/div>\n            <\/a>          <\/div>\n         <\/div><div class=\"gallery-col col\" >\n          <div class=\"col-inner\">\n            <a class=\"image-lightbox lightbox-gallery\" href=\"https:\/\/dev.penalex.ch\/wp-content\/uploads\/2020\/01\/Penalex-sp\u00e9cialistes-en-droit-p\u00e9nal-Arnaud-Vautier-criminaliste-expert-en-criminalit\u00e9-\u00e9conomique.1-1030x1030.jpg\" title=\"\">            <div class=\"box has-hover gallery-box box-overlay dark\">\n              <div class=\"box-image\" >\n                <img loading=\"lazy\" decoding=\"async\" width=\"300\" height=\"300\" src=\"https:\/\/dev.penalex.ch\/wp-content\/uploads\/2020\/01\/Penalex-sp\u00e9cialistes-en-droit-p\u00e9nal-Arnaud-Vautier-criminaliste-expert-en-criminalit\u00e9-\u00e9conomique.1-300x300.jpg\" class=\"attachment-medium size-medium\" alt=\"\" ids=\"11276,11275\" col_spacing=\"small\" columns=\"3\" columns__sm=\"3\" srcset=\"https:\/\/dev.penalex.ch\/wp-content\/uploads\/2020\/01\/Penalex-sp\u00e9cialistes-en-droit-p\u00e9nal-Arnaud-Vautier-criminaliste-expert-en-criminalit\u00e9-\u00e9conomique.1-300x300.jpg 300w, https:\/\/dev.penalex.ch\/wp-content\/uploads\/2020\/01\/Penalex-sp\u00e9cialistes-en-droit-p\u00e9nal-Arnaud-Vautier-criminaliste-expert-en-criminalit\u00e9-\u00e9conomique.1-scaled-100x100.jpg 100w, https:\/\/dev.penalex.ch\/wp-content\/uploads\/2020\/01\/Penalex-sp\u00e9cialistes-en-droit-p\u00e9nal-Arnaud-Vautier-criminaliste-expert-en-criminalit\u00e9-\u00e9conomique.1-scaled-510x510.jpg 510w, https:\/\/dev.penalex.ch\/wp-content\/uploads\/2020\/01\/Penalex-sp\u00e9cialistes-en-droit-p\u00e9nal-Arnaud-Vautier-criminaliste-expert-en-criminalit\u00e9-\u00e9conomique.1-1030x1030.jpg 1030w, https:\/\/dev.penalex.ch\/wp-content\/uploads\/2020\/01\/Penalex-sp\u00e9cialistes-en-droit-p\u00e9nal-Arnaud-Vautier-criminaliste-expert-en-criminalit\u00e9-\u00e9conomique.1-80x80.jpg 80w, https:\/\/dev.penalex.ch\/wp-content\/uploads\/2020\/01\/Penalex-sp\u00e9cialistes-en-droit-p\u00e9nal-Arnaud-Vautier-criminaliste-expert-en-criminalit\u00e9-\u00e9conomique.1-768x768.jpg 768w, https:\/\/dev.penalex.ch\/wp-content\/uploads\/2020\/01\/Penalex-sp\u00e9cialistes-en-droit-p\u00e9nal-Arnaud-Vautier-criminaliste-expert-en-criminalit\u00e9-\u00e9conomique.1-50x50.jpg 50w, https:\/\/dev.penalex.ch\/wp-content\/uploads\/2020\/01\/Penalex-sp\u00e9cialistes-en-droit-p\u00e9nal-Arnaud-Vautier-criminaliste-expert-en-criminalit\u00e9-\u00e9conomique.1-1536x1536.jpg 1536w, https:\/\/dev.penalex.ch\/wp-content\/uploads\/2020\/01\/Penalex-sp\u00e9cialistes-en-droit-p\u00e9nal-Arnaud-Vautier-criminaliste-expert-en-criminalit\u00e9-\u00e9conomique.1-2048x2048.jpg 2048w, https:\/\/dev.penalex.ch\/wp-content\/uploads\/2020\/01\/Penalex-sp\u00e9cialistes-en-droit-p\u00e9nal-Arnaud-Vautier-criminaliste-expert-en-criminalit\u00e9-\u00e9conomique.1-36x36.jpg 36w, https:\/\/dev.penalex.ch\/wp-content\/uploads\/2020\/01\/Penalex-sp\u00e9cialistes-en-droit-p\u00e9nal-Arnaud-Vautier-criminaliste-expert-en-criminalit\u00e9-\u00e9conomique.1-180x180.jpg 180w, https:\/\/dev.penalex.ch\/wp-content\/uploads\/2020\/01\/Penalex-sp\u00e9cialistes-en-droit-p\u00e9nal-Arnaud-Vautier-criminaliste-expert-en-criminalit\u00e9-\u00e9conomique.1-1500x1500.jpg 1500w, https:\/\/dev.penalex.ch\/wp-content\/uploads\/2020\/01\/Penalex-sp\u00e9cialistes-en-droit-p\u00e9nal-Arnaud-Vautier-criminaliste-expert-en-criminalit\u00e9-\u00e9conomique.1-705x705.jpg 705w\" sizes=\"auto, (max-width: 300px) 100vw, 300px\" \/>                                  <div class=\"overlay fill\"\n                      style=\"background-color: rgba(0,0,0,.15)\">\n                  <\/div>\n                                                              <\/div>\n              <div class=\"box-text text-left\" >\n                 <p><\/p>\n              <\/div>\n            <\/div>\n            <\/a>          <\/div>\n         <\/div><\/div>\n\n<section class=\"av_textblock_section \">\n<div class=\"avia_textblock \">\n<p><strong>Languages:<\/strong><br>French, English<br> <\/p>\n<\/div>\n<\/section>\n<div class=\"social-icons follow-icons\" ><a href=\"mailto:vautier@penalex.ch\" data-label=\"E-mail\" target=\"_blank\" class=\"icon button circle is-outline tooltip email\" title=\"Send us an email\" aria-label=\"Send us an email\" rel=\"nofollow noopener\"><i class=\"icon-envelop\" aria-hidden=\"true\"><\/i><\/a><a href=\"tel:+41219253090\" data-label=\"Phone\" target=\"_blank\" class=\"icon button circle is-outline tooltip phone\" title=\"Call us\" aria-label=\"Call us\" rel=\"nofollow noopener\"><i class=\"icon-phone\" aria-hidden=\"true\"><\/i><\/a><a href=\"https:\/\/www.linkedin.com\/in\/ludovic-tirelli-13319aba?lipi=urn%3Ali%3Apage%3Ad_flagship3_profile_view_base_contact_details%3Bm55AAl%2BfQVynoGPYIBqQYA%3D%3D\" data-label=\"LinkedIn\" target=\"_blank\" class=\"icon button circle is-outline tooltip linkedin\" title=\"Follow on LinkedIn\" aria-label=\"Follow on LinkedIn\" rel=\"noopener nofollow\"><i class=\"icon-linkedin\" aria-hidden=\"true\"><\/i><\/a><\/div>\n\n\n\t\t<\/div>\n\t\t\t\t\n<style>\n#col-1039800540 > .col-inner {\n  padding: 20px 20px 20px 20px;\n}\n<\/style>\n\t<\/div>\n\n\t\n\n\t<div id=\"col-947046494\" class=\"col medium-8 small-12 large-8\"  >\n\t\t\t\t<div class=\"col-inner\" style=\"background-color:rgb(248, 248, 248);\" >\n\t\t\t\n\t\t\t\n\n<p><strong>Criminalist<\/strong><\/p>\n<p> <\/p>\n<div class=\"accordion\">\n\n\t<div id=\"accordion-2024372157\" class=\"accordion-item\">\n\t\t<a id=\"accordion-2024372157-label\" class=\"accordion-title plain\" href=\"#accordion-item-main-activities\" aria-expanded=\"false\" aria-controls=\"accordion-2024372157-content\">\n\t\t\t<button class=\"toggle\" aria-label=\"Toggle\"><i class=\"icon-angle-down\" aria-hidden=\"true\"><\/i><\/button>\n\t\t\t<span>Main activities<\/span>\n\t\t<\/a>\n\t\t<div id=\"accordion-2024372157-content\" class=\"accordion-inner\" aria-labelledby=\"accordion-2024372157-label\">\n\t\t\t\n\n<ul>\n<li>\n<p>Criminal analysis<\/p>\n<\/li>\n<li>\n<p>Forensic science (criminal science)<\/p>\n<\/li>\n<li>\n<p>Investigation<\/p>\n<p> <br> <br> <br> <\/p>\n<p> <br> <\/p>\n<\/li>\n<\/ul>\n\n\t\t<\/div>\n\t<\/div>\n\t\n\t<div id=\"accordion-1298119173\" class=\"accordion-item\">\n\t\t<a id=\"accordion-1298119173-label\" class=\"accordion-title plain\" href=\"#accordion-item-training\" aria-expanded=\"false\" aria-controls=\"accordion-1298119173-content\">\n\t\t\t<button class=\"toggle\" aria-label=\"Toggle\"><i class=\"icon-angle-down\" aria-hidden=\"true\"><\/i><\/button>\n\t\t\t<span>Training<\/span>\n\t\t<\/a>\n\t\t<div id=\"accordion-1298119173-content\" class=\"accordion-inner\" aria-labelledby=\"accordion-1298119173-label\">\n\t\t\t\n\n<ul>\n<li><strong>Licence in Forensic Sciences<\/strong>, School of Criminal Sciences, University of Lausanne, 2003<\/li>\n<\/ul>\n\n\t\t<\/div>\n\t<\/div>\n\t\n\t<div id=\"accordion-2601891859\" class=\"accordion-item\">\n\t\t<a id=\"accordion-2601891859-label\" class=\"accordion-title plain\" href=\"#accordion-item-professional-experience\" aria-expanded=\"false\" aria-controls=\"accordion-2601891859-content\">\n\t\t\t<button class=\"toggle\" aria-label=\"Toggle\"><i class=\"icon-angle-down\" aria-hidden=\"true\"><\/i><\/button>\n\t\t\t<span>Professional experience<\/span>\n\t\t<\/a>\n\t\t<div id=\"accordion-2601891859-content\" class=\"accordion-inner\" aria-labelledby=\"accordion-2601891859-label\">\n\t\t\t\n\n<ul>\n<li><strong>Forensic expert<\/strong>, Penalex Avocats SA, since 2020<\/li>\n<li><strong>Expert Partner<\/strong>, www.penalex.ch, 2019<\/li>\n<li><strong>Founder and Director of Data Analysis and Intelligence Consulting (DAIC),<\/strong> 2019<\/li>\n<li><strong>AML Investigator &#8211; Senior Compliance Officer<\/strong>, EFG Bank, Geneva, 2018-2019<\/li>\n<li><strong>Business Analyst<\/strong>, Banque Cantonale Vaudoise (BCV), Lausanne, 2015-2018<\/li>\n<li><strong>Compliance Officer<\/strong>, Banque Cantonale Vaudoise (BCV), Lausanne, 2008-2015<\/li>\n<li><strong>Operational criminal analyst<\/strong>, Vaudoise Cantonal Police, Lausanne, 2007<\/li>\n<li><strong>Scientific collaborator<\/strong>, Federal Statistical Office (FSO), Neuch\u00e2tel, 2007-2008<\/li>\n<li><strong>Forensic Analyst<\/strong>, United Nations International Independent Investigation Commission (UNIIIC) &#8211; Beirut, 2006<\/li>\n<li><strong>Scientific collaborator<\/strong>, Institute of Scientific Police (IPS), University of Lausanne, 2004-2006<\/li>\n<li><strong>Operational criminal analyst<\/strong>, Police de S\u00fbret\u00e9 du canton de Fribourg, 2004<\/li>\n<li><strong>Technical Inspector<\/strong>, Police de S\u00fbret\u00e9 du canton de Fribourg, 2003-2004<\/li>\n<\/ul>\n\n\t\t<\/div>\n\t<\/div>\n\t\n\t<div id=\"accordion-2414099001\" class=\"accordion-item\">\n\t\t<a id=\"accordion-2414099001-label\" class=\"accordion-title plain\" href=\"#accordion-item-publications\" aria-expanded=\"false\" aria-controls=\"accordion-2414099001-content\">\n\t\t\t<button class=\"toggle\" aria-label=\"Toggle\"><i class=\"icon-angle-down\" aria-hidden=\"true\"><\/i><\/button>\n\t\t\t<span>Publications<\/span>\n\t\t<\/a>\n\t\t<div id=\"accordion-2414099001-content\" class=\"accordion-inner\" aria-labelledby=\"accordion-2414099001-label\">\n\t\t\t\n\n<p>Research work<\/p>\n<ul>\n<li><strong>Hunting Ammunition Wads and Components Database (WPCD<\/strong>), 2003<\/li>\n<li><strong>Detection of document re-entry in a laser or inkjet printer<\/strong>, 2002<\/li>\n<li><strong>Literature review on fiber population studies<\/strong>, 2001<\/li>\n<\/ul>\n<p> <\/p>\n\n\t\t<\/div>\n\t<\/div>\n\t\n\t<div id=\"accordion-4223653689\" class=\"accordion-item\">\n\t\t<a id=\"accordion-4223653689-label\" class=\"accordion-title plain\" href=\"#accordion-item-conferences\" aria-expanded=\"false\" aria-controls=\"accordion-4223653689-content\">\n\t\t\t<button class=\"toggle\" aria-label=\"Toggle\"><i class=\"icon-angle-down\" aria-hidden=\"true\"><\/i><\/button>\n\t\t\t<span>Conferences<\/span>\n\t\t<\/a>\n\t\t<div id=\"accordion-4223653689-content\" class=\"accordion-inner\" aria-labelledby=\"accordion-4223653689-label\">\n\t\t\t\n\n<ul>\n<li><strong>De la sc\u00e8ne de crime \u00e0 la lutte contre le blanchiment d&#8217;argent<\/strong>, School of Criminal Sciences, University of Lausanne, 2010<\/li>\n<\/ul>\n\n\t\t<\/div>\n\t<\/div>\n\t\n\n<\/div>\n\n\t\t<\/div>\n\t\t\t\t\n<style>\n#col-947046494 > .col-inner {\n  padding: 20px 20px 20px 20px;\n}\n<\/style>\n\t<\/div>\n\n\t\n\n<\/div>\n<div class=\"row row-small\"  id=\"row-644979704\">\n\n\n\t<div id=\"col-223665704\" class=\"col small-12 large-12\"  >\n\t\t\t\t<div class=\"col-inner\"  >\n\t\t\t\n\t\t\t\n\n<div class=\"nav-wrapper\"><ul class=\"nav nav-uppercase nav-horizontal nav-line text-left nav-left\"><p class=\"lead shortcode-error text-center\">Sorry, no pages was found<\/p><\/ul><\/div>\n\n\n\t\t<\/div>\n\t\t\t\t\t<\/div>\n\n\t\n\n<\/div>\n\n\t\t<\/div>\n\n\t\t\n<style>\n#section_452188595 {\n  padding-top: 30px;\n  padding-bottom: 30px;\n}\n<\/style>\n\t<\/section>\n\t\n\n","protected":false},"excerpt":{"rendered":"","protected":false},"author":13,"featured_media":0,"parent":17008,"menu_order":0,"comment_status":"closed","ping_status":"closed","template":"page-blank.php","meta":{"inline_featured_image":false,"footnotes":""},"class_list":["post-16998","page","type-page","status-publish","hentry"],"_links":{"self":[{"href":"https:\/\/dev.penalex.ch\/en\/wp-json\/wp\/v2\/pages\/16998","targetHints":{"allow":["GET"]}}],"collection":[{"href":"https:\/\/dev.penalex.ch\/en\/wp-json\/wp\/v2\/pages"}],"about":[{"href":"https:\/\/dev.penalex.ch\/en\/wp-json\/wp\/v2\/types\/page"}],"author":[{"embeddable":true,"href":"https:\/\/dev.penalex.ch\/en\/wp-json\/wp\/v2\/users\/13"}],"replies":[{"embeddable":true,"href":"https:\/\/dev.penalex.ch\/en\/wp-json\/wp\/v2\/comments?post=16998"}],"version-history":[{"count":0,"href":"https:\/\/dev.penalex.ch\/en\/wp-json\/wp\/v2\/pages\/16998\/revisions"}],"up":[{"embeddable":true,"href":"https:\/\/dev.penalex.ch\/en\/wp-json\/wp\/v2\/pages\/17008"}],"wp:attachment":[{"href":"https:\/\/dev.penalex.ch\/en\/wp-json\/wp\/v2\/media?parent=16998"}],"curies":[{"name":"wp","href":"https:\/\/api.w.org\/{rel}","templated":true}]}}